{"id":2807,"date":"2022-05-04T18:19:03","date_gmt":"2022-05-04T18:19:03","guid":{"rendered":"http:\/\/www.atvtoursargentina.com.ar\/index.php\/atvta-corporativo-copy\/"},"modified":"2022-10-21T13:45:29","modified_gmt":"2022-10-21T13:45:29","slug":"recorridos","status":"publish","type":"page","link":"https:\/\/www.atvtoursargentina.com.ar\/index.php\/recorridos\/","title":{"rendered":"Recorridos"},"content":{"rendered":"\t\t<div data-elementor-type=\"wp-post\" data-elementor-id=\"2807\" class=\"elementor elementor-2807\">\n\t\t\t\t\t\t<div class=\"elementor-inner\">\n\t\t\t\t<div class=\"elementor-section-wrap\">\n\t\t\t\t\t\t\t\t\t<section class=\"elementor-section elementor-top-section elementor-element elementor-element-9e4940d elementor-section-stretched elementor-section-full_width elementor-section-height-default elementor-section-height-default\" data-id=\"9e4940d\" data-element_type=\"section\" data-settings=\"{&quot;background_background&quot;:&quot;classic&quot;,&quot;stretch_section&quot;:&quot;section-stretched&quot;}\">\n\t\t\t\t\t\t\t<div class=\"elementor-background-overlay\"><\/div>\n\t\t\t\t\t\t\t<div class=\"elementor-container elementor-column-gap-no\">\n\t\t\t\t\t\t\t<div class=\"elementor-row\">\n\t\t\t\t\t<div class=\"elementor-column elementor-col-100 elementor-top-column elementor-element elementor-element-7ebb6e1\" data-id=\"7ebb6e1\" data-element_type=\"column\" data-settings=\"{&quot;background_background&quot;:&quot;classic&quot;}\">\n\t\t\t<div class=\"elementor-column-wrap elementor-element-populated\">\n\t\t\t\t\t\t\t<div class=\"elementor-widget-wrap\">\n\t\t\t\t\t\t<section class=\"elementor-section elementor-inner-section elementor-element elementor-element-aca26b8 elementor-section-height-min-height elementor-section-content-middle elementor-section-full_width elementor-section-height-default\" data-id=\"aca26b8\" data-element_type=\"section\" data-settings=\"{&quot;background_background&quot;:&quot;classic&quot;}\">\n\t\t\t\t\t\t\t<div class=\"elementor-background-overlay\"><\/div>\n\t\t\t\t\t\t\t<div class=\"elementor-container elementor-column-gap-default\">\n\t\t\t\t\t\t\t<div class=\"elementor-row\">\n\t\t\t\t\t<div class=\"elementor-column elementor-col-100 elementor-inner-column elementor-element elementor-element-03b7ecf\" data-id=\"03b7ecf\" data-element_type=\"column\" data-settings=\"{&quot;background_background&quot;:&quot;classic&quot;}\">\n\t\t\t<div class=\"elementor-column-wrap elementor-element-populated\">\n\t\t\t\t\t\t\t<div class=\"elementor-widget-wrap\">\n\t\t\t\t\t\t<div class=\"elementor-element elementor-element-bdcf61a elementor-invisible elementor-widget elementor-widget-cimol-title\" data-id=\"bdcf61a\" data-element_type=\"widget\" data-settings=\"{&quot;_animation&quot;:&quot;fadeInDown&quot;}\" data-widget_type=\"cimol-title.default\">\n\t\t\t\t<div class=\"elementor-widget-container\">\n\t\t\t<h2 class=\"content-title\">ATV\u00b4s \/ RECORRIDOS<\/h2>\t\t<\/div>\n\t\t\t\t<\/div>\n\t\t\t\t\t\t<\/div>\n\t\t\t\t\t<\/div>\n\t\t<\/div>\n\t\t\t\t\t\t\t\t<\/div>\n\t\t\t\t\t<\/div>\n\t\t<\/section>\n\t\t\t\t<section class=\"elementor-section elementor-inner-section elementor-element elementor-element-505b53b elementor-hidden-desktop elementor-hidden-tablet elementor-hidden-phone elementor-section-boxed elementor-section-height-default elementor-section-height-default\" data-id=\"505b53b\" data-element_type=\"section\">\n\t\t\t\t\t\t\t<div class=\"elementor-background-overlay\"><\/div>\n\t\t\t\t\t\t\t<div class=\"elementor-container elementor-column-gap-default\">\n\t\t\t\t\t\t\t<div class=\"elementor-row\">\n\t\t\t\t\t<div class=\"elementor-column elementor-col-100 elementor-inner-column elementor-element elementor-element-9ab13d3\" data-id=\"9ab13d3\" data-element_type=\"column\">\n\t\t\t<div class=\"elementor-column-wrap elementor-element-populated\">\n\t\t\t\t\t\t\t<div class=\"elementor-widget-wrap\">\n\t\t\t\t\t\t<div class=\"elementor-element elementor-element-4fdde11a elementor-widget-divider--view-line elementor-widget elementor-widget-divider\" data-id=\"4fdde11a\" data-element_type=\"widget\" data-widget_type=\"divider.default\">\n\t\t\t\t<div class=\"elementor-widget-container\">\n\t\t\t\t\t<div class=\"elementor-divider\">\n\t\t\t<span class=\"elementor-divider-separator\">\n\t\t\t\t\t\t<\/span>\n\t\t<\/div>\n\t\t\t\t<\/div>\n\t\t\t\t<\/div>\n\t\t\t\t<div class=\"elementor-element elementor-element-1aa96e4d elementor-widget elementor-widget-cimol-testimonial\" data-id=\"1aa96e4d\" data-element_type=\"widget\" data-widget_type=\"cimol-testimonial.default\">\n\t\t\t\t<div class=\"elementor-widget-container\">\n\t\t\t\t\t\r\n\t\t\r\n            <div class=\"testi-slider testimonial\">\r\n                                <div>\r\n                    <p class=\"testi-text\">\r\n                   \t\"La exploraci\u00f3n est\u00e1 conectada a nuestros cerebros. Si podemos ver el horizonte, queremos saber lo que est\u00e1 m\u00e1s all\u00e1. \"                    <\/p>\r\n                    <i class=\"fa fa-quote-left\"><\/i>\r\n                    <h3>-Buzz Aldrin<\/h3>\r\n                    <p class=\"testi-from\">Fue la segunda persona en pisar la Luna en la legendaria misi\u00f3n del Apolo 11 Ing. de la NASA<\/p>\r\n                <\/div>\r\n                \r\n                            <\/div><!--\/.testimonial-->\r\n\t\r\n\t\t\r\n\t\t\t<\/div>\n\t\t\t\t<\/div>\n\t\t\t\t<div class=\"elementor-element elementor-element-79c8614b elementor-widget-divider--view-line elementor-widget elementor-widget-divider\" data-id=\"79c8614b\" data-element_type=\"widget\" data-widget_type=\"divider.default\">\n\t\t\t\t<div class=\"elementor-widget-container\">\n\t\t\t\t\t<div class=\"elementor-divider\">\n\t\t\t<span class=\"elementor-divider-separator\">\n\t\t\t\t\t\t<\/span>\n\t\t<\/div>\n\t\t\t\t<\/div>\n\t\t\t\t<\/div>\n\t\t\t\t\t\t<\/div>\n\t\t\t\t\t<\/div>\n\t\t<\/div>\n\t\t\t\t\t\t\t\t<\/div>\n\t\t\t\t\t<\/div>\n\t\t<\/section>\n\t\t\t\t\t\t<\/div>\n\t\t\t\t\t<\/div>\n\t\t<\/div>\n\t\t\t\t\t\t\t\t<\/div>\n\t\t\t\t\t<\/div>\n\t\t<\/section>\n\t\t\t\t<section class=\"elementor-section elementor-top-section elementor-element elementor-element-05cf7bc elementor-section-boxed elementor-section-height-default elementor-section-height-default\" data-id=\"05cf7bc\" data-element_type=\"section\">\n\t\t\t\t\t\t<div class=\"elementor-container elementor-column-gap-no\">\n\t\t\t\t\t\t\t<div class=\"elementor-row\">\n\t\t\t\t\t<div class=\"elementor-column elementor-col-100 elementor-top-column elementor-element elementor-element-cff0ff1\" data-id=\"cff0ff1\" data-element_type=\"column\">\n\t\t\t<div class=\"elementor-column-wrap elementor-element-populated\">\n\t\t\t\t\t\t\t<div class=\"elementor-widget-wrap\">\n\t\t\t\t\t\t<section class=\"elementor-section elementor-inner-section elementor-element elementor-element-85c2ceb elementor-section-content-top elementor-section-boxed elementor-section-height-default elementor-section-height-default\" data-id=\"85c2ceb\" data-element_type=\"section\" data-settings=\"{&quot;background_background&quot;:&quot;classic&quot;}\">\n\t\t\t\t\t\t<div class=\"elementor-container elementor-column-gap-narrow\">\n\t\t\t\t\t\t\t<div class=\"elementor-row\">\n\t\t\t\t\t<div class=\"elementor-column elementor-col-100 elementor-inner-column elementor-element elementor-element-4b0d53b\" data-id=\"4b0d53b\" data-element_type=\"column\">\n\t\t\t<div class=\"elementor-column-wrap elementor-element-populated\">\n\t\t\t\t\t\t\t<div class=\"elementor-widget-wrap\">\n\t\t\t\t\t\t<div class=\"elementor-element elementor-element-9ef786a elementor-widget elementor-widget-text-editor\" data-id=\"9ef786a\" data-element_type=\"widget\" data-widget_type=\"text-editor.default\">\n\t\t\t\t<div class=\"elementor-widget-container\">\n\t\t\t\t\t\t\t\t<div class=\"elementor-text-editor elementor-clearfix\">\n\t\t\t\t<p><b>BIENVENIDA<\/b><\/p>\n<p><span style=\"font-weight: 400;\">Cuando Ud. llega, el gu\u00eda amigo personalmente lo estar\u00e1 recibiendo y dando la bienvenida en un \u00e1mbito \u00fanico!!!<\/span><\/p>\n<p><span style=\"font-weight: 400;\">Sabemos perfectamente lo que significa la primera vez!!!<\/span><\/p>\n<p><\/p>\n<p><b>EXPERIENCIA<\/b><\/p>\n<p><span style=\"font-weight: 400;\">Si nunca manejaste un ATV, eso no significa un problema. Nuestros ATVs son muy f\u00e1ciles de conducir y los recorridos ofrecen un terreno adaptado para el principiante y sumamente interesante para el experimentado.<\/span><\/p>\n<p><span style=\"font-weight: 400;\">Recibir\u00e1 informaci\u00f3n espec\u00edfica de uso, cuidado y seguridad tanto de los ATVs como as\u00ed tambi\u00e9n del medio ambiente. Un video orientativo e instructivo sobre lo que debe y no debe hacer ser\u00e1 presentado antes de su salida.<\/span><\/p>\n<p><span style=\"font-weight: 400;\">Luego sobre un ATV, el gu\u00eda amigo le dar\u00e1 las instrucciones fundamentales de seguridad a tener en cuenta durante el desarrollo de la actividad.<\/span><\/p>\n<p><span style=\"font-weight: 400;\">No se preocupe por nada, estamos para ayudarlo y que tenga una aventura y experiencia magnifica e inolvidable.<\/span><\/p>\n<p><\/p>\n<p><b>SEGURIDAD<\/b><\/p>\n<p><span style=\"font-weight: 400;\">La conducci\u00f3n de un veh\u00edculo motorizado se debe hacer responsablemente, independientemente de que estemos en un ambiente natural. La misma requiere de concentraci\u00f3n y estar sumamente atento a las indicaciones, explicaciones y decisiones que tome el gu\u00eda.&nbsp;Dejando lo formativo, hacemos todo lo posible para garantizar que tu experiencia se convierta en una gran aventura con estrictos criterios y apartados de seguridad.!!<\/span><\/p>\n<p><b>Consignas de seguridad para los recorridos.<\/b><\/p>\n<p><span style=\"font-weight: 400;\">*Acatar las instrucciones de seguridad antes de la salida.<\/span><\/p>\n<p><span style=\"font-weight: 400;\">*Acatar las instrucciones de manejo seguro.<\/span><\/p>\n<p><span style=\"font-weight: 400;\">*No tocar los mecanismos del ATV a no ser que el gu\u00eda as\u00ed lo sugiera.<\/span><\/p>\n<p><span style=\"font-weight: 400;\">*Un gu\u00eda obligatorio por grupo y recorrido.<\/span><\/p>\n<p><span style=\"font-weight: 400;\">*Uso de casco obligatorio y permanente.<\/span><\/p>\n<p><span style=\"font-weight: 400;\">*Comunicaci\u00f3n entre el gu\u00eda y la base de operaciones.&nbsp;<\/span><\/p>\n<p><span style=\"font-weight: 400;\">*Gu\u00eda certificado de primeros auxilios y RCP.<\/span><\/p>\n<p><span style=\"font-weight: 400;\">*No pueden participar mujeres embarazadas y personas con recientes internaciones y cirug\u00edas de cualquier \u00edndole.<\/span><\/p>\n<p><span style=\"font-weight: 400;\">*<\/span><span style=\"font-weight: 400;\">Los pasajeros bajo tratamientos m\u00e9dicos especiales, la influencia de alcohol, drogas o cualquier otra sustancia que no est\u00e9 permitida no ser\u00e1n admitidos.<\/span><span style=\"font-weight: 400;\">&nbsp;&nbsp;&nbsp;&nbsp;&nbsp;&nbsp;&nbsp;&nbsp;&nbsp;&nbsp;&nbsp;&nbsp;&nbsp;&nbsp;&nbsp;&nbsp;&nbsp;&nbsp;&nbsp;&nbsp;&nbsp;&nbsp;&nbsp;&nbsp;&nbsp;&nbsp;&nbsp;&nbsp;&nbsp;&nbsp;&nbsp;&nbsp;&nbsp;&nbsp;&nbsp;&nbsp;&nbsp;&nbsp;&nbsp;&nbsp;&nbsp;&nbsp;&nbsp;&nbsp;&nbsp;&nbsp;&nbsp;&nbsp;&nbsp;&nbsp;&nbsp;&nbsp;&nbsp;&nbsp;&nbsp;&nbsp;&nbsp;&nbsp;&nbsp;&nbsp;&nbsp;&nbsp;&nbsp;&nbsp;&nbsp;&nbsp;&nbsp;&nbsp;&nbsp;&nbsp;&nbsp;&nbsp;&nbsp;&nbsp;&nbsp;&nbsp;&nbsp;&nbsp;&nbsp;&nbsp;&nbsp;&nbsp;&nbsp;&nbsp;&nbsp;&nbsp;<\/span><\/p>\n<p><\/p>\n<ul>\n<li style=\"font-weight: 400;\" aria-level=\"1\"><strong>La seguridad se prioriza y controla durante toda la aventura y recorridos.<\/strong><\/li>\n<\/ul>\n<p><b>La conducci\u00f3n de un ATV puede generar altos riesgos. No podemos garantizar la seguridad total ya que el conductor tiene el control personal y exclusivo del ATV. El conductor acepta no responsabilizar al ATV TOURS ARGENTINA en caso de lesiones personales y\/o a terceros y accidentes.<\/b><\/p>\n<p><span style=\"font-weight: 400;\">ATVTA se reserva el derecho de determinar la capacidad y limitaciones del conductor, comprendiendo y entendiendo que este podr\u00eda lastimarse y\/o lastimar a un tercero.<\/span><\/p>\n<p><b><br>SEGUROS:&nbsp;<\/b><\/p>\n<p><b>&nbsp;&nbsp;&nbsp;&nbsp;&nbsp;&nbsp;&nbsp;&nbsp;&nbsp;&nbsp;&nbsp;&nbsp;&nbsp;&nbsp;&nbsp;&nbsp;&nbsp;&nbsp;&nbsp;<\/b>La compa\u00f1\u00eda \u2026. Asegura\u2026.<br><b><br>RECORRIDOS:<\/b><\/p>\n<p><span style=\"font-weight: 400;\">Nuestros recorridos 4&#215;4 han sido dise\u00f1ados por profesionales para todo nivel de conducci\u00f3n de usuarios y sexo (Hombres y Mujeres) adaptados para cada necesidad. Son din\u00e1micos y agiles, revisados y controlados peri\u00f3dicamente para que est\u00e9n en muy buenas condiciones de uso, l\u00f3gicamente lo m\u00e1s naturalmente adecuados y estables.<\/span><\/p>\n<p><span style=\"font-weight: 400;\">Durante 15 Km y por un campo serrano de 150 Ha, vas a conducir y cruzar peque\u00f1os arroyos, sortear dificultades t\u00e9cnicas diferentes, divertidas, exigentes y algunas situaciones extremas, sumado a impresionantes vistas de paisajes fabulosos.<\/span><\/p>\n<p><span style=\"font-weight: 400;\">Logramos as\u00ed, que tengas un d\u00eda realmente intenso y una experiencia magnifica, que te har\u00e1 sentir un verdadero aventurero.<\/span><\/p>\n<p><b><\/b><\/p>\n<ul>\n<li aria-level=\"1\"><b>Diferentes posibilidades que te podemos ofrecer para una mayor experiencia&nbsp;<\/b><\/li>\n<\/ul>\n<ul>\n<li style=\"font-weight: 400;\" aria-level=\"1\"><span style=\"font-weight: 400;\">Ampliar los km mediante recorridos invertidos.*<\/span><\/li>\n<li style=\"font-weight: 400;\" aria-level=\"1\"><span style=\"font-weight: 400;\">Recorridos nocturnos de acuerdo al clima y diferentes factores.*<\/span><\/li>\n<\/ul>\n<p><span style=\"font-weight: 400;\">&nbsp;&nbsp;*&nbsp; \u00danicamente con reserva anticipada.<\/span><\/p>\n<p><\/p>\n<p><b>Nuestros recorridos son una opci\u00f3n ideal e interesante tambi\u00e9n para:<\/b><\/p>\n<p><\/p>\n<ul>\n<li style=\"font-weight: 400;\" aria-level=\"1\"><span style=\"font-weight: 400;\">&nbsp;<\/span><span style=\"font-weight: 400;\">Entrenamientos de carreras de aventura.<\/span><\/li>\n<li style=\"font-weight: 400;\" aria-level=\"1\"><span style=\"font-weight: 400;\">&nbsp;Practica de ciclo aventura y Mountain Bike<br><br><\/span><\/li>\n<\/ul>\n<p><b>MEDIO AMBIENTE:<\/b><\/p>\n<p><span style=\"font-weight: 400;\">Causamos bajo impacto ambiental y somos muy cuidadosos&nbsp; con el uso de los terrenos y nuestras actividades.<\/span><\/p>\n<p><span style=\"font-weight: 400;\">Pensamos en las futuras generaciones y como empresa m\u00e1s all\u00e1 de la actividad outdoor que desarrollamos, creemos que podemos contribuir, concientizar, promover y cooperar en la concientizaci\u00f3n medio ambiental respecto al uso medido, respetuoso y l\u00f3gico de estos formidables veh\u00edculos llamados ATVs.<\/span><\/p>\t\t\t\t\t<\/div>\n\t\t\t\t\t\t<\/div>\n\t\t\t\t<\/div>\n\t\t\t\t\t\t<\/div>\n\t\t\t\t\t<\/div>\n\t\t<\/div>\n\t\t\t\t\t\t\t\t<\/div>\n\t\t\t\t\t<\/div>\n\t\t<\/section>\n\t\t\t\t\t\t<\/div>\n\t\t\t\t\t<\/div>\n\t\t<\/div>\n\t\t\t\t\t\t\t\t<\/div>\n\t\t\t\t\t<\/div>\n\t\t<\/section>\n\t\t\t\t<section class=\"elementor-section elementor-top-section elementor-element elementor-element-7f50292 elementor-section-boxed elementor-section-height-default elementor-section-height-default\" data-id=\"7f50292\" data-element_type=\"section\">\n\t\t\t\t\t\t<div class=\"elementor-container elementor-column-gap-no\">\n\t\t\t\t\t\t\t<div class=\"elementor-row\">\n\t\t\t\t\t<div class=\"elementor-column elementor-col-100 elementor-top-column elementor-element elementor-element-410ff42\" data-id=\"410ff42\" data-element_type=\"column\">\n\t\t\t<div class=\"elementor-column-wrap elementor-element-populated\">\n\t\t\t\t\t\t\t<div class=\"elementor-widget-wrap\">\n\t\t\t\t\t\t<section class=\"elementor-section elementor-inner-section elementor-element elementor-element-3072c9b elementor-section-content-top elementor-section-boxed elementor-section-height-default elementor-section-height-default\" data-id=\"3072c9b\" data-element_type=\"section\" data-settings=\"{&quot;background_background&quot;:&quot;classic&quot;}\">\n\t\t\t\t\t\t<div class=\"elementor-container elementor-column-gap-narrow\">\n\t\t\t\t\t\t\t<div class=\"elementor-row\">\n\t\t\t\t\t<div class=\"elementor-column elementor-col-100 elementor-inner-column elementor-element elementor-element-d087569\" data-id=\"d087569\" data-element_type=\"column\">\n\t\t\t<div class=\"elementor-column-wrap elementor-element-populated\">\n\t\t\t\t\t\t\t<div class=\"elementor-widget-wrap\">\n\t\t\t\t\t\t<div class=\"elementor-element elementor-element-93f444e elementor-widget elementor-widget-text-editor\" data-id=\"93f444e\" data-element_type=\"widget\" data-widget_type=\"text-editor.default\">\n\t\t\t\t<div class=\"elementor-widget-container\">\n\t\t\t\t\t\t\t\t<div class=\"elementor-text-editor elementor-clearfix\">\n\t\t\t\t<p><b>ATVs<\/b><\/p>\n<p><span style=\"font-weight: 400;\">\u2219<\/span><span style=\"font-weight: 400;\">&nbsp; 10 ATVs Can Am 570 L Pro Mod 2019.<\/span><span style=\"font-weight: 400;\"> &nbsp;<\/span><\/p>\n<p><span style=\"font-weight: 400;\">\u2219<\/span><span style=\"font-weight: 400;\">&nbsp; 1 Gu\u00eda con gran experiencia, acompa\u00f1ando y asistiendo permanentemente en todo el recorrido.<\/span><\/p>\n<p><span style=\"font-weight: 400;\">\u2219<\/span><span style=\"font-weight: 400;\">&nbsp; Gu\u00eda entrenado y preparado en cursos de Primeros Auxilios.<\/span><\/p>\n<p><span style=\"font-weight: 400;\">\u2219<\/span><span style=\"font-weight: 400;\">&nbsp; Comunicaci\u00f3n durante el recorrido con la base de operaciones.<\/span><\/p>\n<p><span style=\"font-weight: 400;\">\u2219<\/span><span style=\"font-weight: 400;\">&nbsp; Nuestros recorridos han sido dise\u00f1ados para todo nivel de usuario. Son controlados y revisados peri\u00f3dicamente para que est\u00e9n en muy buenas condiciones y lo m\u00e1s naturalmente estables.<\/span><\/p>\n<p><span style=\"font-weight: 400;\">\u2219 <\/span><span style=\"font-weight: 400;\">Contamos con una amplia variedad de recorridos (4&#215;4). Cada uno con diferentes grados de dificultades t\u00e9cnicas y esencia \u00fanica.<\/span><\/p>\n<p><span style=\"font-weight: 400;\">\u2219 <\/span><span style=\"font-weight: 400;\">Alternamos los recorridos seg\u00fan los grupos o necesidades corporativas. Principiantes-intermedios-avanzados- experimentados y extremos.&nbsp;<\/span><\/p>\n<p><span style=\"font-weight: 400;\">\u2219 <\/span><span style=\"font-weight: 400;\">&nbsp;Nuestros ATVs tienen transmisiones totalmente autom\u00e1ticas para una conducci\u00f3n f\u00e1cil de manejar y frenar.<\/span><\/p>\n<p><span style=\"font-weight: 400;\">\u2219<\/span><span style=\"font-weight: 400;\">&nbsp; Un completo taller de mantenimiento, servicio y chequeo permanente. Operado por profesionales con trayectoria y altamente capacitados.&nbsp;&nbsp;<\/span><\/p>\n<p><span style=\"font-weight: 400;\">*&nbsp; Este exigente programa nos permite saber el estado real de nuestras unidades brindando seguridad y tranquilidad a los usuarios.<\/span><\/p>\n<p><span style=\"font-weight: 400;\">\u2219<\/span><span style=\"font-weight: 400;\">&nbsp; Disponemos un espacio espec\u00edfico de lavado para los ATVs con equipos de \u00faltima tecnolog\u00eda. Logramos as\u00ed, un buen control de la limpieza y cuidado de las unidades y medio ambientales correspondientes, colaborando con la responsabilidad ambiental.<\/span><\/p>\n<p><span style=\"font-weight: 400;\">\u2219<\/span><span style=\"font-weight: 400;\">&nbsp;La marca Can Am de BRP dispone de los mejores veh\u00edculos recreativos del mundo. Elegimos estos equipos<\/span> <span style=\"font-weight: 400;\">c\u00f3modos, seguros, confiables y robustos para que tu experiencia sea realmente destacada y \u00fanica.<\/span><\/p>\n<p><b><br>CASCOS:<\/b><\/p>\n<p><span style=\"font-weight: 400;\">La seguridad y comodidad es important\u00edsima para nosotros.<\/span> <span style=\"font-weight: 400;\">Brindamos lo mejor y \u00faltimo en protecci\u00f3n y tecnolog\u00eda. Confiamos para ello en prestigiosa marca de cascos MT con las homologaciones de seguridad mundial correspondientes.<\/span><\/p>\n<p><span style=\"font-weight: 400;\">Manufacturas Tom\u00e1s, S.A. o como mundialmente se la conoce MT Helmets, comienza su andadura en este mundo comercial en 1968. Con presencia en 5 continentes y en m\u00e1s de 95 pa\u00edses, el principal objetivo de MT Helmets es la calidad y el buen servicio.<\/span><\/p>\n<p><span style=\"font-weight: 400;\">Mt Helmets avanza en el mercado, en constate desarrollo y amold\u00e1ndose a los cambios producidos en este.<br><br><\/span><\/p>\n<p><\/p>\n<p><b>HOMOLOGACIONES:<\/b><\/p>\n<p><span style=\"font-weight: 400;\">CERTIFICACI\u00d3N DOT (USA) ECE\/ONU 22.05.P (EU) SNELL USA (USA)<\/span><\/p>\n<p><span style=\"font-weight: 400;\">&nbsp;<\/span><\/p>\n<p><span style=\"font-weight: 400;\">Los cascos MT HELMETS han sido aprobados por las homologaciones internacionales m\u00e1s exigentes.<\/span><\/p>\n<p><span style=\"font-weight: 400;\">&nbsp;<\/span><\/p>\n<p><span style=\"font-weight: 400;\">Las certificaciones DOT CERTIFIED (USA), ECE\/ONU 22.05.P (EU) y SNELL USA (USA) cubren los est\u00e1ndares de homologaci\u00f3n m\u00e1s exigentes de Estados Unidos y de Europa.<\/span><\/p>\n<p><span style=\"font-weight: 400;\">&nbsp;<\/span><\/p>\n<p><span style=\"font-weight: 400;\">Tambi\u00e9n contamos con las homologaciones NTC 4533 (Colombia) y NBR7471 (Brasil). Estas homologaciones s\u00f3lo se otorgan cuando todos los componentes de los cascos han superado las pruebas de seguridad previamente establecidas.&nbsp;<\/span><\/p>\t\t\t\t\t<\/div>\n\t\t\t\t\t\t<\/div>\n\t\t\t\t<\/div>\n\t\t\t\t\t\t<\/div>\n\t\t\t\t\t<\/div>\n\t\t<\/div>\n\t\t\t\t\t\t\t\t<\/div>\n\t\t\t\t\t<\/div>\n\t\t<\/section>\n\t\t\t\t\t\t<\/div>\n\t\t\t\t\t<\/div>\n\t\t<\/div>\n\t\t\t\t\t\t\t\t<\/div>\n\t\t\t\t\t<\/div>\n\t\t<\/section>\n\t\t\t\t\t\t\t\t\t<\/div>\n\t\t\t<\/div>\n\t\t\t\t\t<\/div>\n\t\t","protected":false},"excerpt":{"rendered":"<p>ATV\u00b4s \/ RECORRIDOS &#8220;La exploraci\u00f3n est\u00e1 conectada a nuestros cerebros. Si podemos ver el horizonte, queremos saber lo que est\u00e1 m\u00e1s all\u00e1. &#8221; -Buzz Aldrin Fue la segunda persona en pisar la Luna en la legendaria misi\u00f3n del Apolo 11 Ing. de la NASA BIENVENIDA Cuando Ud. llega, el gu\u00eda amigo personalmente lo estar\u00e1 recibiendo y dando la bienvenida en &hellip;<\/p>\n","protected":false},"author":1,"featured_media":0,"parent":0,"menu_order":0,"comment_status":"closed","ping_status":"closed","template":"blank-builder.php","meta":{"footnotes":""},"_links":{"self":[{"href":"https:\/\/www.atvtoursargentina.com.ar\/index.php\/wp-json\/wp\/v2\/pages\/2807"}],"collection":[{"href":"https:\/\/www.atvtoursargentina.com.ar\/index.php\/wp-json\/wp\/v2\/pages"}],"about":[{"href":"https:\/\/www.atvtoursargentina.com.ar\/index.php\/wp-json\/wp\/v2\/types\/page"}],"author":[{"embeddable":true,"href":"https:\/\/www.atvtoursargentina.com.ar\/index.php\/wp-json\/wp\/v2\/users\/1"}],"replies":[{"embeddable":true,"href":"https:\/\/www.atvtoursargentina.com.ar\/index.php\/wp-json\/wp\/v2\/comments?post=2807"}],"version-history":[{"count":34,"href":"https:\/\/www.atvtoursargentina.com.ar\/index.php\/wp-json\/wp\/v2\/pages\/2807\/revisions"}],"predecessor-version":[{"id":3011,"href":"https:\/\/www.atvtoursargentina.com.ar\/index.php\/wp-json\/wp\/v2\/pages\/2807\/revisions\/3011"}],"wp:attachment":[{"href":"https:\/\/www.atvtoursargentina.com.ar\/index.php\/wp-json\/wp\/v2\/media?parent=2807"}],"curies":[{"name":"wp","href":"https:\/\/api.w.org\/{rel}","templated":true}]}}