{"id":1918,"date":"2020-04-07T11:28:18","date_gmt":"2020-04-07T11:28:18","guid":{"rendered":"http:\/\/www.atvtoursargentina.com.ar\/index.php\/internacional-news-copy\/"},"modified":"2022-08-10T11:51:06","modified_gmt":"2022-08-10T11:51:06","slug":"atvta-tours-a-la-carta","status":"publish","type":"page","link":"https:\/\/www.atvtoursargentina.com.ar\/index.php\/atvta-tours-a-la-carta\/","title":{"rendered":"ATVTA Tours a la carta"},"content":{"rendered":"\t\t<div data-elementor-type=\"wp-post\" data-elementor-id=\"1918\" class=\"elementor elementor-1918\">\n\t\t\t\t\t\t<div class=\"elementor-inner\">\n\t\t\t\t<div class=\"elementor-section-wrap\">\n\t\t\t\t\t\t\t\t\t<section class=\"elementor-section elementor-top-section elementor-element elementor-element-9e4940d elementor-section-stretched elementor-section-full_width elementor-section-height-default elementor-section-height-default\" data-id=\"9e4940d\" data-element_type=\"section\" data-settings=\"{&quot;background_background&quot;:&quot;classic&quot;,&quot;stretch_section&quot;:&quot;section-stretched&quot;}\">\n\t\t\t\t\t\t\t<div class=\"elementor-background-overlay\"><\/div>\n\t\t\t\t\t\t\t<div class=\"elementor-container elementor-column-gap-no\">\n\t\t\t\t\t\t\t<div class=\"elementor-row\">\n\t\t\t\t\t<div class=\"elementor-column elementor-col-100 elementor-top-column elementor-element elementor-element-7ebb6e1\" data-id=\"7ebb6e1\" data-element_type=\"column\" data-settings=\"{&quot;background_background&quot;:&quot;classic&quot;}\">\n\t\t\t<div class=\"elementor-column-wrap elementor-element-populated\">\n\t\t\t\t\t\t\t<div class=\"elementor-widget-wrap\">\n\t\t\t\t\t\t<section class=\"elementor-section elementor-inner-section elementor-element elementor-element-aca26b8 elementor-section-height-min-height elementor-section-content-middle elementor-section-full_width elementor-section-height-default\" data-id=\"aca26b8\" data-element_type=\"section\" data-settings=\"{&quot;background_background&quot;:&quot;classic&quot;}\">\n\t\t\t\t\t\t\t<div class=\"elementor-background-overlay\"><\/div>\n\t\t\t\t\t\t\t<div class=\"elementor-container elementor-column-gap-default\">\n\t\t\t\t\t\t\t<div class=\"elementor-row\">\n\t\t\t\t\t<div class=\"elementor-column elementor-col-100 elementor-inner-column elementor-element elementor-element-03b7ecf\" data-id=\"03b7ecf\" data-element_type=\"column\" data-settings=\"{&quot;background_background&quot;:&quot;classic&quot;}\">\n\t\t\t<div class=\"elementor-column-wrap elementor-element-populated\">\n\t\t\t\t\t\t\t<div class=\"elementor-widget-wrap\">\n\t\t\t\t\t\t<div class=\"elementor-element elementor-element-bdcf61a elementor-invisible elementor-widget elementor-widget-cimol-title\" data-id=\"bdcf61a\" data-element_type=\"widget\" data-settings=\"{&quot;_animation&quot;:&quot;fadeInDown&quot;}\" data-widget_type=\"cimol-title.default\">\n\t\t\t\t<div class=\"elementor-widget-container\">\n\t\t\t<h2 class=\"content-title\">TOURS A LA CARTA<\/h2>\t\t<\/div>\n\t\t\t\t<\/div>\n\t\t\t\t\t\t<\/div>\n\t\t\t\t\t<\/div>\n\t\t<\/div>\n\t\t\t\t\t\t\t\t<\/div>\n\t\t\t\t\t<\/div>\n\t\t<\/section>\n\t\t\t\t<section class=\"elementor-section elementor-inner-section elementor-element elementor-element-6799543 elementor-section-content-top elementor-section-boxed elementor-section-height-default elementor-section-height-default\" data-id=\"6799543\" data-element_type=\"section\" id=\"margen\" data-settings=\"{&quot;background_background&quot;:&quot;classic&quot;}\">\n\t\t\t\t\t\t<div class=\"elementor-container elementor-column-gap-narrow\">\n\t\t\t\t\t\t\t<div class=\"elementor-row\">\n\t\t\t\t\t<div class=\"elementor-column elementor-col-100 elementor-inner-column elementor-element elementor-element-1ff704f\" data-id=\"1ff704f\" data-element_type=\"column\">\n\t\t\t<div class=\"elementor-column-wrap elementor-element-populated\">\n\t\t\t\t\t\t\t<div class=\"elementor-widget-wrap\">\n\t\t\t\t\t\t<div class=\"elementor-element elementor-element-01af899 elementor-widget elementor-widget-text-editor\" data-id=\"01af899\" data-element_type=\"widget\" data-widget_type=\"text-editor.default\">\n\t\t\t\t<div class=\"elementor-widget-container\">\n\t\t\t\t\t\t\t\t<div class=\"elementor-text-editor elementor-clearfix\">\n\t\t\t\t<p><strong>Actividades opcionales<\/strong><\/p>\n<p>Ud. tiene la oportunidad \u00fanica de conocer nuestro predio y armar su d\u00eda o d\u00edas en nuestro campo, con nuestros ATVs o bien con veh\u00edculos propios (ATVs\/UTVs) como as\u00ed tambi\u00e9n combinar con ambos.<\/p>\n<p>Durante esta divertida y fascinante experiencia podr\u00e1 aprender algunos trucos, t\u00e9cnicas seguras de conducci\u00f3n 4&#215;4 y cuidado del medio ambiente.<\/p>\n<p>Para esto cuenta con nuestro gu\u00eda experto que lo acompa\u00f1ara permanentemente.<\/p>\n<p>Estamos seguros de que en ning\u00fan otro lado encontrara una experiencia tan entretenida, divertida y de calidad como esta.<\/p>\n<p>Nuestros recorridos (18 Km) especialmente dise\u00f1ados, cuentan con ascensos y descensos totalmente naturales, cruces de arroyos y diferentes situaciones t\u00e9cnicas, donde bajo la supervisi\u00f3n de un gu\u00eda profesional y especialista, le brindara permanentemente en todo el recorrido asistencia te\u00f3rica-practica.<\/p>\n<p>Nuestro gu\u00eda es un acreditado experto y conductor con gran experiencia en el segmento.<\/p>\n<p><\/p>\n<p><strong>Queres hacer algo diferente y divertido con tu grupo!!!<\/strong><\/p>\n<p>Ofrecemos diferentes alternativas y paquetes tur\u00edsticos personalizados y especiales, pensados y confeccionados para fiestas de cumplea\u00f1os, grupos de amigos\/as, parejas, grupos familiares y despedidas de solteros\/as no convencionales.<\/p>\n<p><\/p>\n<p><strong>Las mujeres, primero.<\/strong><\/p>\n<p>Tenemos un claro objetivo y gran compromiso. Queremos incentivar a las mujeres a tener una experiencia fuera de lo com\u00fan y ser parte de este segmento de la aventura y recreaci\u00f3n; transformando fundamentalmente la idea de que ellas no pueden hacer estas actividades. Nuestro programa es lograr que las mujeres se sientan totalmente c\u00f3modas y seguras, en un \u00e1mbito natural, agreste&nbsp;y dif\u00edcil, generando una mayor confianza&nbsp; en sus propias acciones, capacidades y decisiones. Cumplimos con tus sue\u00f1os e ilusiones.<\/p>\n<p><\/p>\n<p><strong>Expediciones privadas y corporativas. <\/strong><\/p>\n<p>Podemos trasladar nuestras unidades a cualquier punto del pa\u00eds para que conozcas la riqu\u00edsima geograf\u00eda Argentina que brinda escenarios realmente impensados, ocultos y muy pocos conocidos y transitados por la mayor\u00eda de las personas<font color=\"#000000\"><b>.<\/b><\/font><\/p>\n<p>Ofrecemos la posibilidad de dise\u00f1arte una expedici\u00f3n especial que se acomode y acompa\u00f1e tus necesidades, dirigida a grupos de amigos, familias, empresas y corporaciones.<\/p>\t\t\t\t\t<\/div>\n\t\t\t\t\t\t<\/div>\n\t\t\t\t<\/div>\n\t\t\t\t\t\t<\/div>\n\t\t\t\t\t<\/div>\n\t\t<\/div>\n\t\t\t\t\t\t\t\t<\/div>\n\t\t\t\t\t<\/div>\n\t\t<\/section>\n\t\t\t\t<section class=\"elementor-section elementor-inner-section elementor-element elementor-element-fdd505c elementor-section-content-top elementor-section-boxed elementor-section-height-default elementor-section-height-default\" data-id=\"fdd505c\" data-element_type=\"section\" id=\"margen\" data-settings=\"{&quot;background_background&quot;:&quot;classic&quot;}\">\n\t\t\t\t\t\t<div class=\"elementor-container elementor-column-gap-narrow\">\n\t\t\t\t\t\t\t<div class=\"elementor-row\">\n\t\t\t\t\t<div class=\"elementor-column elementor-col-100 elementor-inner-column elementor-element elementor-element-d5fd84c\" data-id=\"d5fd84c\" data-element_type=\"column\">\n\t\t\t<div class=\"elementor-column-wrap elementor-element-populated\">\n\t\t\t\t\t\t\t<div class=\"elementor-widget-wrap\">\n\t\t\t\t\t\t<div class=\"elementor-element elementor-element-e03da2d elementor-view-default elementor-widget elementor-widget-icon\" data-id=\"e03da2d\" data-element_type=\"widget\" data-widget_type=\"icon.default\">\n\t\t\t\t<div class=\"elementor-widget-container\">\n\t\t\t\t\t<div class=\"elementor-icon-wrapper\">\n\t\t\t<div class=\"elementor-icon\">\n\t\t\t<i aria-hidden=\"true\" class=\"fas fa-street-view\"><\/i>\t\t\t<\/div>\n\t\t<\/div>\n\t\t\t\t<\/div>\n\t\t\t\t<\/div>\n\t\t\t\t<div class=\"elementor-element elementor-element-4c16ed76 elementor-widget elementor-widget-heading\" data-id=\"4c16ed76\" data-element_type=\"widget\" data-widget_type=\"heading.default\">\n\t\t\t\t<div class=\"elementor-widget-container\">\n\t\t\t<h2 class=\"elementor-heading-title elementor-size-default\">Nos adaptamos.<\/h2>\t\t<\/div>\n\t\t\t\t<\/div>\n\t\t\t\t<div class=\"elementor-element elementor-element-385f1b61 elementor-widget elementor-widget-text-editor\" data-id=\"385f1b61\" data-element_type=\"widget\" data-widget_type=\"text-editor.default\">\n\t\t\t\t<div class=\"elementor-widget-container\">\n\t\t\t\t\t\t\t\t<div class=\"elementor-text-editor elementor-clearfix\">\n\t\t\t\t<p>El\u00a0<b>ATVTA<\/b>\u00a0es un importante colaborador que se adapta a las ideas, necesidades y servicios que quieran sumar e incluir clientes, organizaciones y aventureros. De esta manera logramos que la experiencia, los objetivos y los resultados cubran las m\u00e1s altas expectativas.!!!<\/p>\t\t\t\t\t<\/div>\n\t\t\t\t\t\t<\/div>\n\t\t\t\t<\/div>\n\t\t\t\t\t\t<\/div>\n\t\t\t\t\t<\/div>\n\t\t<\/div>\n\t\t\t\t\t\t\t\t<\/div>\n\t\t\t\t\t<\/div>\n\t\t<\/section>\n\t\t\t\t\t\t<\/div>\n\t\t\t\t\t<\/div>\n\t\t<\/div>\n\t\t\t\t\t\t\t\t<\/div>\n\t\t\t\t\t<\/div>\n\t\t<\/section>\n\t\t\t\t\t\t\t\t\t<\/div>\n\t\t\t<\/div>\n\t\t\t\t\t<\/div>\n\t\t","protected":false},"excerpt":{"rendered":"<p>TOURS A LA CARTA Actividades opcionales Ud. tiene la oportunidad \u00fanica de conocer nuestro predio y armar su d\u00eda o d\u00edas en nuestro campo, con nuestros ATVs o bien con veh\u00edculos propios (ATVs\/UTVs) como as\u00ed tambi\u00e9n combinar con ambos. Durante esta divertida y fascinante experiencia podr\u00e1 aprender algunos trucos, t\u00e9cnicas seguras de conducci\u00f3n 4&#215;4 y cuidado del medio ambiente. Para &hellip;<\/p>\n","protected":false},"author":1,"featured_media":0,"parent":0,"menu_order":0,"comment_status":"closed","ping_status":"closed","template":"blank-builder.php","meta":{"footnotes":""},"_links":{"self":[{"href":"https:\/\/www.atvtoursargentina.com.ar\/index.php\/wp-json\/wp\/v2\/pages\/1918"}],"collection":[{"href":"https:\/\/www.atvtoursargentina.com.ar\/index.php\/wp-json\/wp\/v2\/pages"}],"about":[{"href":"https:\/\/www.atvtoursargentina.com.ar\/index.php\/wp-json\/wp\/v2\/types\/page"}],"author":[{"embeddable":true,"href":"https:\/\/www.atvtoursargentina.com.ar\/index.php\/wp-json\/wp\/v2\/users\/1"}],"replies":[{"embeddable":true,"href":"https:\/\/www.atvtoursargentina.com.ar\/index.php\/wp-json\/wp\/v2\/comments?post=1918"}],"version-history":[{"count":28,"href":"https:\/\/www.atvtoursargentina.com.ar\/index.php\/wp-json\/wp\/v2\/pages\/1918\/revisions"}],"predecessor-version":[{"id":2879,"href":"https:\/\/www.atvtoursargentina.com.ar\/index.php\/wp-json\/wp\/v2\/pages\/1918\/revisions\/2879"}],"wp:attachment":[{"href":"https:\/\/www.atvtoursargentina.com.ar\/index.php\/wp-json\/wp\/v2\/media?parent=1918"}],"curies":[{"name":"wp","href":"https:\/\/api.w.org\/{rel}","templated":true}]}}