{"id":1913,"date":"2020-04-07T11:16:11","date_gmt":"2020-04-07T11:16:11","guid":{"rendered":"http:\/\/www.atvtoursargentina.com.ar\/index.php\/atvta-eco-copy\/"},"modified":"2020-04-07T11:28:00","modified_gmt":"2020-04-07T11:28:00","slug":"internacional-news","status":"publish","type":"page","link":"https:\/\/www.atvtoursargentina.com.ar\/index.php\/internacional-news\/","title":{"rendered":"INTERNACIONAL NEWS"},"content":{"rendered":"\t\t<div data-elementor-type=\"wp-post\" data-elementor-id=\"1913\" class=\"elementor elementor-1913\">\n\t\t\t\t\t\t<div class=\"elementor-inner\">\n\t\t\t\t<div class=\"elementor-section-wrap\">\n\t\t\t\t\t\t\t\t\t<section class=\"elementor-section elementor-top-section elementor-element elementor-element-9e4940d elementor-section-stretched elementor-section-full_width elementor-section-height-default elementor-section-height-default\" data-id=\"9e4940d\" data-element_type=\"section\" data-settings=\"{&quot;background_background&quot;:&quot;classic&quot;,&quot;stretch_section&quot;:&quot;section-stretched&quot;}\">\n\t\t\t\t\t\t\t<div class=\"elementor-background-overlay\"><\/div>\n\t\t\t\t\t\t\t<div class=\"elementor-container elementor-column-gap-no\">\n\t\t\t\t\t\t\t<div class=\"elementor-row\">\n\t\t\t\t\t<div class=\"elementor-column elementor-col-100 elementor-top-column elementor-element elementor-element-7ebb6e1\" data-id=\"7ebb6e1\" data-element_type=\"column\" data-settings=\"{&quot;background_background&quot;:&quot;classic&quot;}\">\n\t\t\t<div class=\"elementor-column-wrap elementor-element-populated\">\n\t\t\t\t\t\t\t<div class=\"elementor-widget-wrap\">\n\t\t\t\t\t\t<section class=\"elementor-section elementor-inner-section elementor-element elementor-element-aca26b8 elementor-section-height-min-height elementor-section-content-middle elementor-section-full_width elementor-section-height-default\" data-id=\"aca26b8\" data-element_type=\"section\" data-settings=\"{&quot;background_background&quot;:&quot;classic&quot;}\">\n\t\t\t\t\t\t\t<div class=\"elementor-background-overlay\"><\/div>\n\t\t\t\t\t\t\t<div class=\"elementor-container elementor-column-gap-default\">\n\t\t\t\t\t\t\t<div class=\"elementor-row\">\n\t\t\t\t\t<div class=\"elementor-column elementor-col-100 elementor-inner-column elementor-element elementor-element-03b7ecf\" data-id=\"03b7ecf\" data-element_type=\"column\" data-settings=\"{&quot;background_background&quot;:&quot;classic&quot;}\">\n\t\t\t<div class=\"elementor-column-wrap elementor-element-populated\">\n\t\t\t\t\t\t\t<div class=\"elementor-widget-wrap\">\n\t\t\t\t\t\t<div class=\"elementor-element elementor-element-bdcf61a elementor-invisible elementor-widget elementor-widget-cimol-title\" data-id=\"bdcf61a\" data-element_type=\"widget\" data-settings=\"{&quot;_animation&quot;:&quot;fadeInDown&quot;}\" data-widget_type=\"cimol-title.default\">\n\t\t\t\t<div class=\"elementor-widget-container\">\n\t\t\t<h2 class=\"content-title\">INTERNACIONAL NEWS<\/h2>\t\t<\/div>\n\t\t\t\t<\/div>\n\t\t\t\t\t\t<\/div>\n\t\t\t\t\t<\/div>\n\t\t<\/div>\n\t\t\t\t\t\t\t\t<\/div>\n\t\t\t\t\t<\/div>\n\t\t<\/section>\n\t\t\t\t<section class=\"elementor-section elementor-inner-section elementor-element elementor-element-6799543 elementor-section-content-top elementor-section-boxed elementor-section-height-default elementor-section-height-default\" data-id=\"6799543\" data-element_type=\"section\" data-settings=\"{&quot;background_background&quot;:&quot;classic&quot;}\">\n\t\t\t\t\t\t<div class=\"elementor-container elementor-column-gap-narrow\">\n\t\t\t\t\t\t\t<div class=\"elementor-row\">\n\t\t\t\t\t<div class=\"elementor-column elementor-col-100 elementor-inner-column elementor-element elementor-element-1ff704f\" data-id=\"1ff704f\" data-element_type=\"column\">\n\t\t\t<div class=\"elementor-column-wrap elementor-element-populated\">\n\t\t\t\t\t\t\t<div class=\"elementor-widget-wrap\">\n\t\t\t\t\t\t<div class=\"elementor-element elementor-element-01af899 elementor-widget elementor-widget-text-editor\" data-id=\"01af899\" data-element_type=\"widget\" data-widget_type=\"text-editor.default\">\n\t\t\t\t<div class=\"elementor-widget-container\">\n\t\t\t\t\t\t\t\t<div class=\"elementor-text-editor elementor-clearfix\">\n\t\t\t\t<p>Si su pasi\u00f3n son los viajes de aventura y queres realizar&nbsp; una verdad expedici\u00f3n por el noroeste argentino y la puna, disfrutando uno de los escenarios de altura m\u00e1s bellos del mundo, no lo dude, Ud. esta por contratar la organizaci\u00f3n con m\u00e1s experiencia y desarrollos realizados y logrados.<\/p>\n<p>Dise\u00f1ado tanto para hombres como para mujeres aventureras con ganas de vivir grandes y especiales momentos.&nbsp; &nbsp; &nbsp; &nbsp; &nbsp; &nbsp; &nbsp; &nbsp; &nbsp; &nbsp; &nbsp; &nbsp; &nbsp; &nbsp; &nbsp; &nbsp; &nbsp; &nbsp; &nbsp; &nbsp; &nbsp; &nbsp; &nbsp; &nbsp; &nbsp; &nbsp; &nbsp; &nbsp; &nbsp; &nbsp; Ser\u00e1s un privilegiado y apasionado despu\u00e9s de esta &nbsp;vivencia.<\/p>\n<p><\/p>\n<p>Pensaste en recorrer alguna vez la cordillera Argentina por paisajes realmente v\u00edrgenes con gu\u00edas expertos de esta actividad y quienes m\u00e1s a\u00f1os y experiencia tienen.!!!<\/p>\n<p>Nuestros viajes est\u00e1n estudiados y dise\u00f1ados con gran esp\u00edritu aventurero para explorar \u00e1reas impensadas. La fauna silvestre, desiertos, salares de altura y culturas ancestrales e hist\u00f3ricas ser\u00e1n protagonistas.<\/p>\n<p>Gente fascinante y aut\u00e9ntica que vive en remotos lugares que siempre brindan emociones singulares y momentos enriquecedores.<\/p>\n<p><\/p>\n<ul>\n<li><strong> Conoce el noroeste argentino mejor que nadie.<\/strong><\/li>\n<li><strong> Explora de una manera diferente con gu\u00edas personales preparados. <\/strong><br><strong>\u2022 Veras un horizonte que jam\u00e1s imaginaste.<\/strong><\/li>\n<li><strong>Atenci\u00f3n personalizada<\/strong> <strong>en todo el recorrido.<\/strong><\/li>\n<li><strong>Gu\u00eda experto con 17 a\u00f1os de experiencia.<\/strong><\/li>\n<li><strong> Exclusivo para 10 aventureros. <\/strong><\/li>\n<li><strong>10 dias-1250 Km. <\/strong>\n<p><strong><strong style=\"background-color: rgba(255, 255, 255, 0);\"><\/strong><\/strong><\/p><strong><strong style=\"background-color: rgba(255, 255, 255, 0);\">\n<\/strong><\/strong><p><strong><strong style=\"background-color: rgba(255, 255, 255, 0);\">Aut\u00e9nticas experiencias dise\u00f1adas para aquellos aventureros extremos que buscan explorar lugares asombrosos y no convencionales, descubrir diferentes culturas y disfrutar de una expedici\u00f3n diferente fuera de lo tradicional.<\/strong><br><\/strong><\/p>\n<\/li>\n<\/ul>\n<p><strong>&nbsp;<\/strong><\/p>\n<p><strong>Ven y convi\u00e9rtete en un aventurero especial, explorando con los que saben.<\/strong><\/p>\n<p><strong>17 a\u00f1os de experiencia llevando almas extremas por los horizontes m\u00e1s ocultos.<\/strong><\/p>\n<p><strong style=\"background-color: rgba(255, 255, 255, 0);\">Contamos con 10 unidades Can Am L Pro 570 Ok Mod 2018<\/strong><\/p>\n<p><strong style=\"background-color: rgba(255, 255, 255, 0);\">Estacionalidad: Marzo-Abril-Octubre-Noviembre<\/strong><\/p>\n<p><strong style=\"background-color: rgba(255, 255, 255, 0);\">Cont\u00e1ctanos<\/strong><\/p>\n<p><a href=\"mailto:info@atvclubargentina.com.ar\">info@atvclubargentina.com.ar<\/a><\/p>\n<p><a href=\"mailto:atv@atvclubargentina.com.ar\">atv@atvclubargentina.com.a<\/a><\/p>\t\t\t\t\t<\/div>\n\t\t\t\t\t\t<\/div>\n\t\t\t\t<\/div>\n\t\t\t\t\t\t<\/div>\n\t\t\t\t\t<\/div>\n\t\t<\/div>\n\t\t\t\t\t\t\t\t<\/div>\n\t\t\t\t\t<\/div>\n\t\t<\/section>\n\t\t\t\t<section class=\"elementor-section elementor-inner-section elementor-element elementor-element-1d1313c elementor-section-boxed elementor-section-height-default elementor-section-height-default\" data-id=\"1d1313c\" data-element_type=\"section\">\n\t\t\t\t\t\t\t<div class=\"elementor-background-overlay\"><\/div>\n\t\t\t\t\t\t\t<div class=\"elementor-container elementor-column-gap-default\">\n\t\t\t\t\t\t\t<div class=\"elementor-row\">\n\t\t\t\t\t<div class=\"elementor-column elementor-col-100 elementor-inner-column elementor-element elementor-element-e32780c\" data-id=\"e32780c\" data-element_type=\"column\">\n\t\t\t<div class=\"elementor-column-wrap elementor-element-populated\">\n\t\t\t\t\t\t\t<div class=\"elementor-widget-wrap\">\n\t\t\t\t\t\t<div class=\"elementor-element elementor-element-ca1f5a0 elementor-widget elementor-widget-text-editor\" data-id=\"ca1f5a0\" data-element_type=\"widget\" data-widget_type=\"text-editor.default\">\n\t\t\t\t<div class=\"elementor-widget-container\">\n\t\t\t\t\t\t\t\t<div class=\"elementor-text-editor elementor-clearfix\">\n\t\t\t\t<p>D\u00e9janos tus datos y nos contactaremos a la brevedad.\u00a0<\/p>\t\t\t\t\t<\/div>\n\t\t\t\t\t\t<\/div>\n\t\t\t\t<\/div>\n\t\t\t\t\t\t<\/div>\n\t\t\t\t\t<\/div>\n\t\t<\/div>\n\t\t\t\t\t\t\t\t<\/div>\n\t\t\t\t\t<\/div>\n\t\t<\/section>\n\t\t\t\t<section class=\"elementor-section elementor-inner-section elementor-element elementor-element-819423d elementor-section-content-top elementor-section-boxed elementor-section-height-default elementor-section-height-default\" data-id=\"819423d\" data-element_type=\"section\" data-settings=\"{&quot;background_background&quot;:&quot;classic&quot;}\">\n\t\t\t\t\t\t<div class=\"elementor-container elementor-column-gap-narrow\">\n\t\t\t\t\t\t\t<div class=\"elementor-row\">\n\t\t\t\t\t<div class=\"elementor-column elementor-col-100 elementor-inner-column elementor-element elementor-element-0170f6b\" data-id=\"0170f6b\" data-element_type=\"column\">\n\t\t\t<div class=\"elementor-column-wrap elementor-element-populated\">\n\t\t\t\t\t\t\t<div class=\"elementor-widget-wrap\">\n\t\t\t\t\t\t<div class=\"elementor-element elementor-element-e1775ec elementor-widget elementor-widget-text-editor\" data-id=\"e1775ec\" data-element_type=\"widget\" data-widget_type=\"text-editor.default\">\n\t\t\t\t<div class=\"elementor-widget-container\">\n\t\t\t\t\t\t\t\t<div class=\"elementor-text-editor elementor-clearfix\">\n\t\t\t\t<p>You thought about traveling once the Argentine mountain range for truly virgin landscapes with expert guides of this activity and who have more years and experience. !!!<\/p><p>Our trips are studied and designed with great adventurous spirit to explore unthinkable areas. Wildlife, deserts, high altitude salt flats and ancestral and historical cultures will be protagonists.<\/p><p>Fascinating and authentic people who live in remote places that always provide unique emotions and enriching moments.<\/p><p>\u00a0<\/p><ul><li>Know the Argentine northwest better than anyone.<\/li><li>Explore in a different way with personal guides prepared.<\/li><li>You will see a horizon that you never imagined.<\/li><li>Personal attention throughout the tour.<\/li><li>Expert guide with 17 years of experience.<\/li><li>Exclusive for 10 adventurers.<\/li><li>10 days-1250 km<\/li><\/ul><p>\u00a0\u00a0\u00a0\u00a0\u00a0\u00a0\u00a0\u00a0\u00a0\u00a0\u00a0\u00a0\u00a0\u00a0\u00a0\u00a0\u00a0\u00a0\u00a0\u00a0\u00a0\u00a0\u00a0\u00a0\u00a0\u00a0\u00a0\u00a0\u00a0\u00a0\u00a0\u00a0\u00a0\u00a0\u00a0\u00a0\u00a0\u00a0\u00a0\u00a0\u00a0\u00a0\u00a0\u00a0\u00a0\u00a0\u00a0\u00a0\u00a0\u00a0\u00a0\u00a0\u00a0\u00a0\u00a0\u00a0\u00a0\u00a0\u00a0\u00a0\u00a0\u00a0\u00a0\u00a0\u00a0\u00a0\u00a0\u00a0\u00a0\u00a0\u00a0\u00a0\u00a0\u00a0\u00a0\u00a0\u00a0\u00a0\u00a0\u00a0\u00a0\u00a0\u00a0\u00a0\u00a0\u00a0\u00a0\u00a0\u00a0\u00a0\u00a0\u00a0\u00a0\u00a0\u00a0\u00a0\u00a0\u00a0\u00a0\u00a0\u00a0\u00a0\u00a0\u00a0\u00a0\u00a0\u00a0\u00a0\u00a0\u00a0\u00a0\u00a0\u00a0\u00a0\u00a0\u00a0\u00a0\u00a0\u00a0\u00a0\u00a0\u00a0\u00a0\u00a0\u00a0\u00a0\u00a0\u00a0\u00a0\u00a0\u00a0\u00a0\u00a0\u00a0\u00a0\u00a0\u00a0\u00a0\u00a0\u00a0\u00a0\u00a0\u00a0\u00a0\u00a0\u00a0\u00a0\u00a0\u00a0\u00a0\u00a0\u00a0\u00a0\u00a0\u00a0\u00a0\u00a0\u00a0\u00a0\u00a0\u00a0\u00a0\u00a0\u00a0\u00a0\u00a0\u00a0\u00a0\u00a0\u00a0\u00a0\u00a0\u00a0\u00a0\u00a0\u00a0\u00a0\u00a0\u00a0\u00a0\u00a0\u00a0\u00a0\u00a0\u00a0\u00a0\u00a0\u00a0\u00a0\u00a0\u00a0\u00a0\u00a0\u00a0\u00a0\u00a0\u00a0\u00a0\u00a0\u00a0\u00a0\u00a0\u00a0\u00a0\u00a0\u00a0\u00a0\u00a0\u00a0\u00a0\u00a0\u00a0\u00a0\u00a0\u00a0\u00a0\u00a0\u00a0\u00a0\u00a0\u00a0\u00a0\u00a0\u00a0\u00a0\u00a0\u00a0\u00a0\u00a0\u00a0\u00a0\u00a0\u00a0\u00a0\u00a0\u00a0\u00a0\u00a0\u00a0\u00a0\u00a0\u00a0\u00a0\u00a0\u00a0\u00a0\u00a0\u00a0\u00a0\u00a0\u00a0\u00a0Authentic experiences designed for those extreme adventurers who seek to explore amazing and unconventional places, discover different cultures and enjoy a different expedition outside the traditional.<\/p><p>\u00a0<\/p><p>Come and become a special adventurer, exploring with those who know.<\/p><p>17 years of experience leading extreme souls through the most hidden horizons.<\/p><p>\u00a0<\/p><p>We have 10 units Can Am L Pro 570 Ok Mod 2018<\/p><p>\u00a0<\/p><p>Seasonality: March-April-October-November<\/p><p>\u00a0<\/p><p>Contact us<\/p>\t\t\t\t\t<\/div>\n\t\t\t\t\t\t<\/div>\n\t\t\t\t<\/div>\n\t\t\t\t\t\t<\/div>\n\t\t\t\t\t<\/div>\n\t\t<\/div>\n\t\t\t\t\t\t\t\t<\/div>\n\t\t\t\t\t<\/div>\n\t\t<\/section>\n\t\t\t\t<section class=\"elementor-section elementor-inner-section elementor-element elementor-element-505b53b elementor-hidden-desktop elementor-hidden-tablet elementor-hidden-phone elementor-section-boxed elementor-section-height-default elementor-section-height-default\" data-id=\"505b53b\" data-element_type=\"section\">\n\t\t\t\t\t\t\t<div class=\"elementor-background-overlay\"><\/div>\n\t\t\t\t\t\t\t<div class=\"elementor-container elementor-column-gap-default\">\n\t\t\t\t\t\t\t<div class=\"elementor-row\">\n\t\t\t\t\t<div class=\"elementor-column elementor-col-100 elementor-inner-column elementor-element elementor-element-9ab13d3\" data-id=\"9ab13d3\" data-element_type=\"column\">\n\t\t\t<div class=\"elementor-column-wrap elementor-element-populated\">\n\t\t\t\t\t\t\t<div class=\"elementor-widget-wrap\">\n\t\t\t\t\t\t<div class=\"elementor-element elementor-element-4fdde11a elementor-widget-divider--view-line elementor-widget elementor-widget-divider\" data-id=\"4fdde11a\" data-element_type=\"widget\" data-widget_type=\"divider.default\">\n\t\t\t\t<div class=\"elementor-widget-container\">\n\t\t\t\t\t<div class=\"elementor-divider\">\n\t\t\t<span class=\"elementor-divider-separator\">\n\t\t\t\t\t\t<\/span>\n\t\t<\/div>\n\t\t\t\t<\/div>\n\t\t\t\t<\/div>\n\t\t\t\t<div class=\"elementor-element elementor-element-1aa96e4d elementor-widget elementor-widget-cimol-testimonial\" data-id=\"1aa96e4d\" data-element_type=\"widget\" data-widget_type=\"cimol-testimonial.default\">\n\t\t\t\t<div class=\"elementor-widget-container\">\n\t\t\t\t\t\r\n\t\t\r\n            <div class=\"testi-slider testimonial\">\r\n                                <div>\r\n                    <p class=\"testi-text\">\r\n                   \t\"La exploraci\u00f3n est\u00e1 conectada a nuestros cerebros. Si podemos ver el horizonte, queremos saber lo que est\u00e1 m\u00e1s all\u00e1. \"                    <\/p>\r\n                    <i class=\"fa fa-quote-left\"><\/i>\r\n                    <h3>-Buzz Aldrin<\/h3>\r\n                    <p class=\"testi-from\">Fue la segunda persona en pisar la Luna en la legendaria misi\u00f3n del Apolo 11 Ing. de la NASA<\/p>\r\n                <\/div>\r\n                \r\n                            <\/div><!--\/.testimonial-->\r\n\t\r\n\t\t\r\n\t\t\t<\/div>\n\t\t\t\t<\/div>\n\t\t\t\t<div class=\"elementor-element elementor-element-79c8614b elementor-widget-divider--view-line elementor-widget elementor-widget-divider\" data-id=\"79c8614b\" data-element_type=\"widget\" data-widget_type=\"divider.default\">\n\t\t\t\t<div class=\"elementor-widget-container\">\n\t\t\t\t\t<div class=\"elementor-divider\">\n\t\t\t<span class=\"elementor-divider-separator\">\n\t\t\t\t\t\t<\/span>\n\t\t<\/div>\n\t\t\t\t<\/div>\n\t\t\t\t<\/div>\n\t\t\t\t\t\t<\/div>\n\t\t\t\t\t<\/div>\n\t\t<\/div>\n\t\t\t\t\t\t\t\t<\/div>\n\t\t\t\t\t<\/div>\n\t\t<\/section>\n\t\t\t\t\t\t<\/div>\n\t\t\t\t\t<\/div>\n\t\t<\/div>\n\t\t\t\t\t\t\t\t<\/div>\n\t\t\t\t\t<\/div>\n\t\t<\/section>\n\t\t\t\t\t\t\t\t\t<\/div>\n\t\t\t<\/div>\n\t\t\t\t\t<\/div>\n\t\t","protected":false},"excerpt":{"rendered":"<p>ATVTA ECO Infraestructura: El dise\u00f1o constructivo se pens\u00f3 en el uso de materiales nobles, incluso algunos de la zona, como as\u00ed tambi\u00e9n el uso de nuevos ladrillos ecol\u00f3gicos. No solo tiene que ver en su fabricaci\u00f3n sino tambi\u00e9n en todo lo que el mismo logra t\u00e9cnicamente a nivel aislaci\u00f3n. De esta menare se logra una \u00a0disminuci\u00f3n importante en el consumo &hellip;<\/p>\n","protected":false},"author":1,"featured_media":0,"parent":0,"menu_order":0,"comment_status":"closed","ping_status":"closed","template":"blank-builder.php","meta":{"footnotes":""},"_links":{"self":[{"href":"https:\/\/www.atvtoursargentina.com.ar\/index.php\/wp-json\/wp\/v2\/pages\/1913"}],"collection":[{"href":"https:\/\/www.atvtoursargentina.com.ar\/index.php\/wp-json\/wp\/v2\/pages"}],"about":[{"href":"https:\/\/www.atvtoursargentina.com.ar\/index.php\/wp-json\/wp\/v2\/types\/page"}],"author":[{"embeddable":true,"href":"https:\/\/www.atvtoursargentina.com.ar\/index.php\/wp-json\/wp\/v2\/users\/1"}],"replies":[{"embeddable":true,"href":"https:\/\/www.atvtoursargentina.com.ar\/index.php\/wp-json\/wp\/v2\/comments?post=1913"}],"version-history":[{"count":4,"href":"https:\/\/www.atvtoursargentina.com.ar\/index.php\/wp-json\/wp\/v2\/pages\/1913\/revisions"}],"predecessor-version":[{"id":1917,"href":"https:\/\/www.atvtoursargentina.com.ar\/index.php\/wp-json\/wp\/v2\/pages\/1913\/revisions\/1917"}],"wp:attachment":[{"href":"https:\/\/www.atvtoursargentina.com.ar\/index.php\/wp-json\/wp\/v2\/media?parent=1913"}],"curies":[{"name":"wp","href":"https:\/\/api.w.org\/{rel}","templated":true}]}}