{"id":1903,"date":"2020-04-07T10:48:12","date_gmt":"2020-04-07T10:48:12","guid":{"rendered":"http:\/\/www.atvtoursargentina.com.ar\/index.php\/reservas-copy\/"},"modified":"2022-10-21T13:42:53","modified_gmt":"2022-10-21T13:42:53","slug":"atvta-corporativo","status":"publish","type":"page","link":"https:\/\/www.atvtoursargentina.com.ar\/index.php\/atvta-corporativo\/","title":{"rendered":"Corporativo"},"content":{"rendered":"\t\t<div data-elementor-type=\"wp-post\" data-elementor-id=\"1903\" class=\"elementor elementor-1903\">\n\t\t\t\t\t\t<div class=\"elementor-inner\">\n\t\t\t\t<div class=\"elementor-section-wrap\">\n\t\t\t\t\t\t\t\t\t<section class=\"elementor-section elementor-top-section elementor-element elementor-element-9e4940d elementor-section-stretched elementor-section-full_width elementor-section-height-default elementor-section-height-default\" data-id=\"9e4940d\" data-element_type=\"section\" data-settings=\"{&quot;background_background&quot;:&quot;classic&quot;,&quot;stretch_section&quot;:&quot;section-stretched&quot;}\">\n\t\t\t\t\t\t\t<div class=\"elementor-background-overlay\"><\/div>\n\t\t\t\t\t\t\t<div class=\"elementor-container elementor-column-gap-no\">\n\t\t\t\t\t\t\t<div class=\"elementor-row\">\n\t\t\t\t\t<div class=\"elementor-column elementor-col-100 elementor-top-column elementor-element elementor-element-7ebb6e1\" data-id=\"7ebb6e1\" data-element_type=\"column\" data-settings=\"{&quot;background_background&quot;:&quot;classic&quot;}\">\n\t\t\t<div class=\"elementor-column-wrap elementor-element-populated\">\n\t\t\t\t\t\t\t<div class=\"elementor-widget-wrap\">\n\t\t\t\t\t\t<section class=\"elementor-section elementor-inner-section elementor-element elementor-element-aca26b8 elementor-section-height-min-height elementor-section-content-middle elementor-section-full_width elementor-section-height-default\" data-id=\"aca26b8\" data-element_type=\"section\" data-settings=\"{&quot;background_background&quot;:&quot;classic&quot;}\">\n\t\t\t\t\t\t\t<div class=\"elementor-background-overlay\"><\/div>\n\t\t\t\t\t\t\t<div class=\"elementor-container elementor-column-gap-default\">\n\t\t\t\t\t\t\t<div class=\"elementor-row\">\n\t\t\t\t\t<div class=\"elementor-column elementor-col-100 elementor-inner-column elementor-element elementor-element-03b7ecf\" data-id=\"03b7ecf\" data-element_type=\"column\" data-settings=\"{&quot;background_background&quot;:&quot;classic&quot;}\">\n\t\t\t<div class=\"elementor-column-wrap elementor-element-populated\">\n\t\t\t\t\t\t\t<div class=\"elementor-widget-wrap\">\n\t\t\t\t\t\t<div class=\"elementor-element elementor-element-bdcf61a elementor-invisible elementor-widget elementor-widget-cimol-title\" data-id=\"bdcf61a\" data-element_type=\"widget\" data-settings=\"{&quot;_animation&quot;:&quot;fadeInDown&quot;}\" data-widget_type=\"cimol-title.default\">\n\t\t\t\t<div class=\"elementor-widget-container\">\n\t\t\t<h2 class=\"content-title\">CORPORATIVO<\/h2>\t\t<\/div>\n\t\t\t\t<\/div>\n\t\t\t\t\t\t<\/div>\n\t\t\t\t\t<\/div>\n\t\t<\/div>\n\t\t\t\t\t\t\t\t<\/div>\n\t\t\t\t\t<\/div>\n\t\t<\/section>\n\t\t\t\t<section class=\"elementor-section elementor-inner-section elementor-element elementor-element-6799543 elementor-section-content-top elementor-section-boxed elementor-section-height-default elementor-section-height-default\" data-id=\"6799543\" data-element_type=\"section\" id=\"margen\" data-settings=\"{&quot;background_background&quot;:&quot;classic&quot;}\">\n\t\t\t\t\t\t<div class=\"elementor-container elementor-column-gap-narrow\">\n\t\t\t\t\t\t\t<div class=\"elementor-row\">\n\t\t\t\t\t<div class=\"elementor-column elementor-col-100 elementor-inner-column elementor-element elementor-element-1ff704f\" data-id=\"1ff704f\" data-element_type=\"column\">\n\t\t\t<div class=\"elementor-column-wrap elementor-element-populated\">\n\t\t\t\t\t\t\t<div class=\"elementor-widget-wrap\">\n\t\t\t\t\t\t<div class=\"elementor-element elementor-element-01af899 elementor-widget elementor-widget-text-editor\" data-id=\"01af899\" data-element_type=\"widget\" data-widget_type=\"text-editor.default\">\n\t\t\t\t<div class=\"elementor-widget-container\">\n\t\t\t\t\t\t\t\t<div class=\"elementor-text-editor elementor-clearfix\">\n\t\t\t\t<p>Nuestra empresa se dedica al Turismo Aventura especializado, consolid\u00e1ndonos en el dise\u00f1o y desarrollo de programas tur\u00edsticos, eventos corporativos y acciones especiales.<\/p><p>Estamos capacitados para atender y dar nuestros servicios durante todo el a\u00f1o a empresas, compa\u00f1\u00edas, consultoras, automotrices, gimnasios, agencias de MKT; RRHH y un variado \u00a0abanico de posibilidades comerciales.<\/p><p>Nuestro trabajo es sumamente profesional y de bajo volumen para que sea totalmente personalizado y al detalle, logrando as\u00ed una experiencia sumamente agradable y diferente.<\/p>\t\t\t\t\t<\/div>\n\t\t\t\t\t\t<\/div>\n\t\t\t\t<\/div>\n\t\t\t\t\t\t<\/div>\n\t\t\t\t\t<\/div>\n\t\t<\/div>\n\t\t\t\t\t\t\t\t<\/div>\n\t\t\t\t\t<\/div>\n\t\t<\/section>\n\t\t\t\t<section class=\"elementor-section elementor-inner-section elementor-element elementor-element-c6976a0 elementor-section-content-top elementor-section-boxed elementor-section-height-default elementor-section-height-default\" data-id=\"c6976a0\" data-element_type=\"section\" id=\"margen\" data-settings=\"{&quot;background_background&quot;:&quot;classic&quot;}\">\n\t\t\t\t\t\t<div class=\"elementor-container elementor-column-gap-narrow\">\n\t\t\t\t\t\t\t<div class=\"elementor-row\">\n\t\t\t\t\t<div class=\"elementor-column elementor-col-100 elementor-inner-column elementor-element elementor-element-cf0e62c\" data-id=\"cf0e62c\" data-element_type=\"column\">\n\t\t\t<div class=\"elementor-column-wrap elementor-element-populated\">\n\t\t\t\t\t\t\t<div class=\"elementor-widget-wrap\">\n\t\t\t\t\t\t<div class=\"elementor-element elementor-element-3b7ccd5 elementor-view-default elementor-widget elementor-widget-icon\" data-id=\"3b7ccd5\" data-element_type=\"widget\" data-widget_type=\"icon.default\">\n\t\t\t\t<div class=\"elementor-widget-container\">\n\t\t\t\t\t<div class=\"elementor-icon-wrapper\">\n\t\t\t<div class=\"elementor-icon\">\n\t\t\t<i aria-hidden=\"true\" class=\"fas fa-users\"><\/i>\t\t\t<\/div>\n\t\t<\/div>\n\t\t\t\t<\/div>\n\t\t\t\t<\/div>\n\t\t\t\t<div class=\"elementor-element elementor-element-aa3fb14 elementor-widget elementor-widget-text-editor\" data-id=\"aa3fb14\" data-element_type=\"widget\" data-widget_type=\"text-editor.default\">\n\t\t\t\t<div class=\"elementor-widget-container\">\n\t\t\t\t\t\t\t\t<div class=\"elementor-text-editor elementor-clearfix\">\n\t\t\t\t<p><strong style=\"background-color: rgba(255, 255, 255, 0);\">ATVTA<\/strong><span style=\"background-color: rgba(255, 255, 255, 0);\"> dispone de una destacada infraestructura, especialmente dise\u00f1ada y construida con todas las comodidades y confort, para brindar servicios de categor\u00eda.<\/span><\/p><p><strong>Las mismas, pueden por medio de sus programas de incentivos apoyar al m\u00e1ximo:<br \/><br \/><\/strong><\/p><p>*\u00a0 Las relaciones humanas, intra e interpersonales<\/p><p>\u00a0*\u00a0 Fidelizaci\u00f3n<\/p><p>*\u00a0 Motivaci\u00f3n de empleados<\/p><p>*\u00a0 Motivaci\u00f3n de \u00e1reas comerciales<\/p><p>* \u00a0Motivaci\u00f3n de \u00e1reas comerciales de empresa a empresa<\/p><p>* \u00a0Trabajo y formaci\u00f3n de equipo<\/p><p>*\u00a0 Premiaci\u00f3n y reconocimiento de empleados<\/p><p>*\u00a0 Reuniones corporativas\u00a0\u00a0<\/p><p>\u00a0*\u00a0 Reuniones sociales\u00a0\u00a0\u00a0<\/p><p>*\u00a0 Lanzamiento de productos\u00a0\u00a0<\/p><p>\u00a0*\u00a0 Company day<\/p><p>\u00a0*\u00a0 Cierres de fin de a\u00f1o<\/p>\t\t\t\t\t<\/div>\n\t\t\t\t\t\t<\/div>\n\t\t\t\t<\/div>\n\t\t\t\t\t\t<\/div>\n\t\t\t\t\t<\/div>\n\t\t<\/div>\n\t\t\t\t\t\t\t\t<\/div>\n\t\t\t\t\t<\/div>\n\t\t<\/section>\n\t\t\t\t<section class=\"elementor-section elementor-inner-section elementor-element elementor-element-29bc98a elementor-section-content-top elementor-section-boxed elementor-section-height-default elementor-section-height-default\" data-id=\"29bc98a\" data-element_type=\"section\" id=\"margen\" data-settings=\"{&quot;background_background&quot;:&quot;classic&quot;}\">\n\t\t\t\t\t\t<div class=\"elementor-container elementor-column-gap-narrow\">\n\t\t\t\t\t\t\t<div class=\"elementor-row\">\n\t\t\t\t\t<div class=\"elementor-column elementor-col-33 elementor-inner-column elementor-element elementor-element-3e4cbfd\" data-id=\"3e4cbfd\" data-element_type=\"column\">\n\t\t\t<div class=\"elementor-column-wrap\">\n\t\t\t\t\t\t\t<div class=\"elementor-widget-wrap\">\n\t\t\t\t\t\t\t\t<\/div>\n\t\t\t\t\t<\/div>\n\t\t<\/div>\n\t\t\t\t<div class=\"elementor-column elementor-col-33 elementor-inner-column elementor-element elementor-element-dba3ae5\" data-id=\"dba3ae5\" data-element_type=\"column\">\n\t\t\t<div class=\"elementor-column-wrap elementor-element-populated\">\n\t\t\t\t\t\t\t<div class=\"elementor-widget-wrap\">\n\t\t\t\t\t\t<div class=\"elementor-element elementor-element-4b6ef94 elementor-widget elementor-widget-text-editor\" data-id=\"4b6ef94\" data-element_type=\"widget\" data-widget_type=\"text-editor.default\">\n\t\t\t\t<div class=\"elementor-widget-container\">\n\t\t\t\t\t\t\t\t<div class=\"elementor-text-editor elementor-clearfix\">\n\t\t\t\t<p><b>Otras alternativas<\/b><\/p>\t\t\t\t\t<\/div>\n\t\t\t\t\t\t<\/div>\n\t\t\t\t<\/div>\n\t\t\t\t<div class=\"elementor-element elementor-element-62b96de elementor-widget elementor-widget-text-editor\" data-id=\"62b96de\" data-element_type=\"widget\" data-widget_type=\"text-editor.default\">\n\t\t\t\t<div class=\"elementor-widget-container\">\n\t\t\t\t\t\t\t\t<div class=\"elementor-text-editor elementor-clearfix\">\n\t\t\t\t<p><span style=\"background-color: rgba(255, 255, 255, 0);\">*\u00a0 Experiencias de diversi\u00f3n.<br \/><\/span><span style=\"background-color: rgba(255, 255, 255, 0);\">*\u00a0 Experiencias positivas.<br \/><\/span><span style=\"background-color: rgba(255, 255, 255, 0);\">*\u00a0 Regalos empresariales.<br \/><\/span><span style=\"background-color: rgba(255, 255, 255, 0);\">*\u00a0 Regalos de experiencias.<br \/><\/span><span style=\"background-color: rgba(255, 255, 255, 0);\">* \u00a0Viajes de Incentivo.<br \/><\/span><span style=\"background-color: rgba(255, 255, 255, 0);\">*\u00a0 Family day.<\/span><\/p>\t\t\t\t\t<\/div>\n\t\t\t\t\t\t<\/div>\n\t\t\t\t<\/div>\n\t\t\t\t\t\t<\/div>\n\t\t\t\t\t<\/div>\n\t\t<\/div>\n\t\t\t\t<div class=\"elementor-column elementor-col-33 elementor-inner-column elementor-element elementor-element-f69d591\" data-id=\"f69d591\" data-element_type=\"column\">\n\t\t\t<div class=\"elementor-column-wrap\">\n\t\t\t\t\t\t\t<div class=\"elementor-widget-wrap\">\n\t\t\t\t\t\t\t\t<\/div>\n\t\t\t\t\t<\/div>\n\t\t<\/div>\n\t\t\t\t\t\t\t\t<\/div>\n\t\t\t\t\t<\/div>\n\t\t<\/section>\n\t\t\t\t<section class=\"elementor-section elementor-inner-section elementor-element elementor-element-cb904d6 elementor-section-content-top elementor-section-boxed elementor-section-height-default elementor-section-height-default\" data-id=\"cb904d6\" data-element_type=\"section\" id=\"margen\" data-settings=\"{&quot;background_background&quot;:&quot;classic&quot;}\">\n\t\t\t\t\t\t<div class=\"elementor-container elementor-column-gap-narrow\">\n\t\t\t\t\t\t\t<div class=\"elementor-row\">\n\t\t\t\t\t<div class=\"elementor-column elementor-col-100 elementor-inner-column elementor-element elementor-element-a63d4a5\" data-id=\"a63d4a5\" data-element_type=\"column\">\n\t\t\t<div class=\"elementor-column-wrap elementor-element-populated\">\n\t\t\t\t\t\t\t<div class=\"elementor-widget-wrap\">\n\t\t\t\t\t\t<div class=\"elementor-element elementor-element-f0158b2 elementor-view-default elementor-widget elementor-widget-icon\" data-id=\"f0158b2\" data-element_type=\"widget\" data-widget_type=\"icon.default\">\n\t\t\t\t<div class=\"elementor-widget-container\">\n\t\t\t\t\t<div class=\"elementor-icon-wrapper\">\n\t\t\t<div class=\"elementor-icon\">\n\t\t\t<i aria-hidden=\"true\" class=\"far fa-smile\"><\/i>\t\t\t<\/div>\n\t\t<\/div>\n\t\t\t\t<\/div>\n\t\t\t\t<\/div>\n\t\t\t\t<div class=\"elementor-element elementor-element-47e23e5 elementor-widget elementor-widget-text-editor\" data-id=\"47e23e5\" data-element_type=\"widget\" data-widget_type=\"text-editor.default\">\n\t\t\t\t<div class=\"elementor-widget-container\">\n\t\t\t\t\t\t\t\t<div class=\"elementor-text-editor elementor-clearfix\">\n\t\t\t\t<p>La experiencia que ofrecemos intenta fomentar el autodescubrimiento, la confianza en s\u00ed mismo, las habilidades de liderazgo, potenciar la cooperaci\u00f3n, el trabajo en equipo y el compa\u00f1erismo, todo en un entorno natural deslumbrante, positivo y entretenido.<\/p>\t\t\t\t\t<\/div>\n\t\t\t\t\t\t<\/div>\n\t\t\t\t<\/div>\n\t\t\t\t\t\t<\/div>\n\t\t\t\t\t<\/div>\n\t\t<\/div>\n\t\t\t\t\t\t\t\t<\/div>\n\t\t\t\t\t<\/div>\n\t\t<\/section>\n\t\t\t\t<section class=\"elementor-section elementor-inner-section elementor-element elementor-element-b0e556c elementor-section-boxed elementor-section-height-default elementor-section-height-default\" data-id=\"b0e556c\" data-element_type=\"section\" id=\"margen\" data-settings=\"{&quot;background_background&quot;:&quot;classic&quot;}\">\n\t\t\t\t\t\t\t<div class=\"elementor-background-overlay\"><\/div>\n\t\t\t\t\t\t\t<div class=\"elementor-container elementor-column-gap-default\">\n\t\t\t\t\t\t\t<div class=\"elementor-row\">\n\t\t\t\t\t<div class=\"elementor-column elementor-col-100 elementor-inner-column elementor-element elementor-element-c7af59d\" data-id=\"c7af59d\" data-element_type=\"column\">\n\t\t\t<div class=\"elementor-column-wrap elementor-element-populated\">\n\t\t\t\t\t\t\t<div class=\"elementor-widget-wrap\">\n\t\t\t\t\t\t<div class=\"elementor-element elementor-element-8f198ac elementor-view-default elementor-widget elementor-widget-icon\" data-id=\"8f198ac\" data-element_type=\"widget\" data-widget_type=\"icon.default\">\n\t\t\t\t<div class=\"elementor-widget-container\">\n\t\t\t\t\t<div class=\"elementor-icon-wrapper\">\n\t\t\t<div class=\"elementor-icon\">\n\t\t\t<i aria-hidden=\"true\" class=\"fas fa-street-view\"><\/i>\t\t\t<\/div>\n\t\t<\/div>\n\t\t\t\t<\/div>\n\t\t\t\t<\/div>\n\t\t\t\t<div class=\"elementor-element elementor-element-285aada elementor-widget elementor-widget-heading\" data-id=\"285aada\" data-element_type=\"widget\" data-widget_type=\"heading.default\">\n\t\t\t\t<div class=\"elementor-widget-container\">\n\t\t\t<h2 class=\"elementor-heading-title elementor-size-default\">Nos adaptamos<\/h2>\t\t<\/div>\n\t\t\t\t<\/div>\n\t\t\t\t<div class=\"elementor-element elementor-element-1696206 elementor-widget elementor-widget-text-editor\" data-id=\"1696206\" data-element_type=\"widget\" data-widget_type=\"text-editor.default\">\n\t\t\t\t<div class=\"elementor-widget-container\">\n\t\t\t\t\t\t\t\t<div class=\"elementor-text-editor elementor-clearfix\">\n\t\t\t\t<p>El <strong>ATVTA <\/strong>es un importante colaborador que se adapta a las necesidades y servicios que quieran sumar e incluir las organizaciones. De esta manera logramos que la experiencia y los resultados cubran las m\u00e1s altas expectativas.!!!<\/p>\t\t\t\t\t<\/div>\n\t\t\t\t\t\t<\/div>\n\t\t\t\t<\/div>\n\t\t\t\t<div class=\"elementor-element elementor-element-8db3517 elementor-widget elementor-widget-heading\" data-id=\"8db3517\" data-element_type=\"widget\" data-widget_type=\"heading.default\">\n\t\t\t\t<div class=\"elementor-widget-container\">\n\t\t\t<h2 class=\"elementor-heading-title elementor-size-default\"><span style=\"font-weight: 700; font-family: Oswald, sans-serif; white-space: normal; font-size: 20px !important;\">El \u00e9xito es la suma de peque\u00f1os esfuerzo repetidos d\u00eda tras d\u00eda<\/span><\/h2>\t\t<\/div>\n\t\t\t\t<\/div>\n\t\t\t\t\t\t<\/div>\n\t\t\t\t\t<\/div>\n\t\t<\/div>\n\t\t\t\t\t\t\t\t<\/div>\n\t\t\t\t\t<\/div>\n\t\t<\/section>\n\t\t\t\t<section class=\"elementor-section elementor-inner-section elementor-element elementor-element-505b53b elementor-hidden-desktop elementor-hidden-tablet elementor-hidden-phone elementor-section-boxed elementor-section-height-default elementor-section-height-default\" data-id=\"505b53b\" data-element_type=\"section\">\n\t\t\t\t\t\t\t<div class=\"elementor-background-overlay\"><\/div>\n\t\t\t\t\t\t\t<div class=\"elementor-container elementor-column-gap-default\">\n\t\t\t\t\t\t\t<div class=\"elementor-row\">\n\t\t\t\t\t<div class=\"elementor-column elementor-col-100 elementor-inner-column elementor-element elementor-element-9ab13d3\" data-id=\"9ab13d3\" data-element_type=\"column\">\n\t\t\t<div class=\"elementor-column-wrap elementor-element-populated\">\n\t\t\t\t\t\t\t<div class=\"elementor-widget-wrap\">\n\t\t\t\t\t\t<div class=\"elementor-element elementor-element-4fdde11a elementor-widget-divider--view-line elementor-widget elementor-widget-divider\" data-id=\"4fdde11a\" data-element_type=\"widget\" data-widget_type=\"divider.default\">\n\t\t\t\t<div class=\"elementor-widget-container\">\n\t\t\t\t\t<div class=\"elementor-divider\">\n\t\t\t<span class=\"elementor-divider-separator\">\n\t\t\t\t\t\t<\/span>\n\t\t<\/div>\n\t\t\t\t<\/div>\n\t\t\t\t<\/div>\n\t\t\t\t<div class=\"elementor-element elementor-element-1aa96e4d elementor-widget elementor-widget-cimol-testimonial\" data-id=\"1aa96e4d\" data-element_type=\"widget\" data-widget_type=\"cimol-testimonial.default\">\n\t\t\t\t<div class=\"elementor-widget-container\">\n\t\t\t\t\t\r\n\t\t\r\n            <div class=\"testi-slider testimonial\">\r\n                                <div>\r\n                    <p class=\"testi-text\">\r\n                   \t\"La exploraci\u00f3n est\u00e1 conectada a nuestros cerebros. Si podemos ver el horizonte, queremos saber lo que est\u00e1 m\u00e1s all\u00e1. \"                    <\/p>\r\n                    <i class=\"fa fa-quote-left\"><\/i>\r\n                    <h3>-Buzz Aldrin<\/h3>\r\n                    <p class=\"testi-from\">Fue la segunda persona en pisar la Luna en la legendaria misi\u00f3n del Apolo 11 Ing. de la NASA<\/p>\r\n                <\/div>\r\n                \r\n                            <\/div><!--\/.testimonial-->\r\n\t\r\n\t\t\r\n\t\t\t<\/div>\n\t\t\t\t<\/div>\n\t\t\t\t<div class=\"elementor-element elementor-element-79c8614b elementor-widget-divider--view-line elementor-widget elementor-widget-divider\" data-id=\"79c8614b\" data-element_type=\"widget\" data-widget_type=\"divider.default\">\n\t\t\t\t<div class=\"elementor-widget-container\">\n\t\t\t\t\t<div class=\"elementor-divider\">\n\t\t\t<span class=\"elementor-divider-separator\">\n\t\t\t\t\t\t<\/span>\n\t\t<\/div>\n\t\t\t\t<\/div>\n\t\t\t\t<\/div>\n\t\t\t\t\t\t<\/div>\n\t\t\t\t\t<\/div>\n\t\t<\/div>\n\t\t\t\t\t\t\t\t<\/div>\n\t\t\t\t\t<\/div>\n\t\t<\/section>\n\t\t\t\t\t\t<\/div>\n\t\t\t\t\t<\/div>\n\t\t<\/div>\n\t\t\t\t\t\t\t\t<\/div>\n\t\t\t\t\t<\/div>\n\t\t<\/section>\n\t\t\t\t\t\t\t\t\t<\/div>\n\t\t\t<\/div>\n\t\t\t\t\t<\/div>\n\t\t","protected":false},"excerpt":{"rendered":"<p>CORPORATIVO Nuestra empresa se dedica al Turismo Aventura especializado, consolid\u00e1ndonos en el dise\u00f1o y desarrollo de programas tur\u00edsticos, eventos corporativos y acciones especiales. Estamos capacitados para atender y dar nuestros servicios durante todo el a\u00f1o a empresas, compa\u00f1\u00edas, consultoras, automotrices, gimnasios, agencias de MKT; RRHH y un variado \u00a0abanico de posibilidades comerciales. Nuestro trabajo es sumamente profesional y de bajo &hellip;<\/p>\n","protected":false},"author":1,"featured_media":0,"parent":0,"menu_order":0,"comment_status":"closed","ping_status":"closed","template":"blank-builder.php","meta":{"footnotes":""},"_links":{"self":[{"href":"https:\/\/www.atvtoursargentina.com.ar\/index.php\/wp-json\/wp\/v2\/pages\/1903"}],"collection":[{"href":"https:\/\/www.atvtoursargentina.com.ar\/index.php\/wp-json\/wp\/v2\/pages"}],"about":[{"href":"https:\/\/www.atvtoursargentina.com.ar\/index.php\/wp-json\/wp\/v2\/types\/page"}],"author":[{"embeddable":true,"href":"https:\/\/www.atvtoursargentina.com.ar\/index.php\/wp-json\/wp\/v2\/users\/1"}],"replies":[{"embeddable":true,"href":"https:\/\/www.atvtoursargentina.com.ar\/index.php\/wp-json\/wp\/v2\/comments?post=1903"}],"version-history":[{"count":56,"href":"https:\/\/www.atvtoursargentina.com.ar\/index.php\/wp-json\/wp\/v2\/pages\/1903\/revisions"}],"predecessor-version":[{"id":3005,"href":"https:\/\/www.atvtoursargentina.com.ar\/index.php\/wp-json\/wp\/v2\/pages\/1903\/revisions\/3005"}],"wp:attachment":[{"href":"https:\/\/www.atvtoursargentina.com.ar\/index.php\/wp-json\/wp\/v2\/media?parent=1903"}],"curies":[{"name":"wp","href":"https:\/\/api.w.org\/{rel}","templated":true}]}}