{"id":1889,"date":"2020-04-07T10:18:05","date_gmt":"2020-04-07T10:18:05","guid":{"rendered":"http:\/\/www.atvtoursargentina.com.ar\/index.php\/humano-copy\/"},"modified":"2023-07-31T18:03:19","modified_gmt":"2023-07-31T18:03:19","slug":"elijen","status":"publish","type":"page","link":"https:\/\/www.atvtoursargentina.com.ar\/index.php\/elijen\/","title":{"rendered":"Nos Elijen"},"content":{"rendered":"\t\t<div data-elementor-type=\"wp-post\" data-elementor-id=\"1889\" class=\"elementor elementor-1889\">\n\t\t\t\t\t\t<div class=\"elementor-inner\">\n\t\t\t\t<div class=\"elementor-section-wrap\">\n\t\t\t\t\t\t\t\t\t<section class=\"elementor-section elementor-top-section elementor-element elementor-element-9e4940d elementor-section-stretched elementor-section-full_width elementor-section-height-default elementor-section-height-default\" data-id=\"9e4940d\" data-element_type=\"section\" data-settings=\"{&quot;background_background&quot;:&quot;classic&quot;,&quot;stretch_section&quot;:&quot;section-stretched&quot;}\">\n\t\t\t\t\t\t\t<div class=\"elementor-background-overlay\"><\/div>\n\t\t\t\t\t\t\t<div class=\"elementor-container elementor-column-gap-no\">\n\t\t\t\t\t\t\t<div class=\"elementor-row\">\n\t\t\t\t\t<div class=\"elementor-column elementor-col-100 elementor-top-column elementor-element elementor-element-7ebb6e1\" data-id=\"7ebb6e1\" data-element_type=\"column\" data-settings=\"{&quot;background_background&quot;:&quot;classic&quot;}\">\n\t\t\t<div class=\"elementor-column-wrap elementor-element-populated\">\n\t\t\t\t\t\t\t<div class=\"elementor-widget-wrap\">\n\t\t\t\t\t\t<section class=\"elementor-section elementor-inner-section elementor-element elementor-element-aca26b8 elementor-section-height-min-height elementor-section-content-middle elementor-section-full_width elementor-section-height-default\" data-id=\"aca26b8\" data-element_type=\"section\" data-settings=\"{&quot;background_background&quot;:&quot;classic&quot;}\">\n\t\t\t\t\t\t\t<div class=\"elementor-background-overlay\"><\/div>\n\t\t\t\t\t\t\t<div class=\"elementor-container elementor-column-gap-default\">\n\t\t\t\t\t\t\t<div class=\"elementor-row\">\n\t\t\t\t\t<div class=\"elementor-column elementor-col-100 elementor-inner-column elementor-element elementor-element-03b7ecf\" data-id=\"03b7ecf\" data-element_type=\"column\" data-settings=\"{&quot;background_background&quot;:&quot;classic&quot;}\">\n\t\t\t<div class=\"elementor-column-wrap elementor-element-populated\">\n\t\t\t\t\t\t\t<div class=\"elementor-widget-wrap\">\n\t\t\t\t\t\t<div class=\"elementor-element elementor-element-bdcf61a elementor-invisible elementor-widget elementor-widget-cimol-title\" data-id=\"bdcf61a\" data-element_type=\"widget\" data-settings=\"{&quot;_animation&quot;:&quot;fadeInDown&quot;}\" data-widget_type=\"cimol-title.default\">\n\t\t\t\t<div class=\"elementor-widget-container\">\n\t\t\t<h2 class=\"content-title\">NOS ELIGEN<\/h2>\t\t<\/div>\n\t\t\t\t<\/div>\n\t\t\t\t\t\t<\/div>\n\t\t\t\t\t<\/div>\n\t\t<\/div>\n\t\t\t\t\t\t\t\t<\/div>\n\t\t\t\t\t<\/div>\n\t\t<\/section>\n\t\t\t\t<section class=\"elementor-section elementor-inner-section elementor-element elementor-element-6799543 elementor-section-content-top elementor-section-boxed elementor-section-height-default elementor-section-height-default\" data-id=\"6799543\" data-element_type=\"section\" id=\"margen\" data-settings=\"{&quot;background_background&quot;:&quot;classic&quot;}\">\n\t\t\t\t\t\t<div class=\"elementor-container elementor-column-gap-narrow\">\n\t\t\t\t\t\t\t<div class=\"elementor-row\">\n\t\t\t\t\t<div class=\"elementor-column elementor-col-100 elementor-inner-column elementor-element elementor-element-1ff704f\" data-id=\"1ff704f\" data-element_type=\"column\">\n\t\t\t<div class=\"elementor-column-wrap elementor-element-populated\">\n\t\t\t\t\t\t\t<div class=\"elementor-widget-wrap\">\n\t\t\t\t\t\t<div class=\"elementor-element elementor-element-01af899 elementor-widget elementor-widget-text-editor\" data-id=\"01af899\" data-element_type=\"widget\" data-widget_type=\"text-editor.default\">\n\t\t\t\t<div class=\"elementor-widget-container\">\n\t\t\t\t\t\t\t\t<div class=\"elementor-text-editor elementor-clearfix\">\n\t\t\t\t<p>Estas compa\u00f1\u00edas, empresas y consultoras, eligen nuestros servicios de aventura como parte esencial y fundamental de sus rutinas outdoor, fidelizaci\u00f3n de clientes, motivaci\u00f3n de empleados, formaci\u00f3n de equipos, \u00e1reas comerciales y otras espec\u00edficas, con el claro objetivo y pensamiento de que invertir en las relaciones humanas en un medio natural, es primordial para coordinar y desarrollar una vida personal, familiar &nbsp;y laboral m\u00e1s placentera y saludable.<\/p>\t\t\t\t\t<\/div>\n\t\t\t\t\t\t<\/div>\n\t\t\t\t<\/div>\n\t\t\t\t\t\t<\/div>\n\t\t\t\t\t<\/div>\n\t\t<\/div>\n\t\t\t\t\t\t\t\t<\/div>\n\t\t\t\t\t<\/div>\n\t\t<\/section>\n\t\t\t\t<section class=\"elementor-section elementor-inner-section elementor-element elementor-element-3a926e2 elementor-section-content-top elementor-section-boxed elementor-section-height-default elementor-section-height-default\" data-id=\"3a926e2\" data-element_type=\"section\" data-settings=\"{&quot;background_background&quot;:&quot;classic&quot;}\">\n\t\t\t\t\t\t<div class=\"elementor-container elementor-column-gap-narrow\">\n\t\t\t\t\t\t\t<div class=\"elementor-row\">\n\t\t\t\t\t<div class=\"elementor-column elementor-col-50 elementor-inner-column elementor-element elementor-element-60f4a4b\" data-id=\"60f4a4b\" data-element_type=\"column\">\n\t\t\t<div class=\"elementor-column-wrap elementor-element-populated\">\n\t\t\t\t\t\t\t<div class=\"elementor-widget-wrap\">\n\t\t\t\t\t\t<div class=\"elementor-element elementor-element-0775571 elementor-widget elementor-widget-image\" data-id=\"0775571\" data-element_type=\"widget\" data-widget_type=\"image.default\">\n\t\t\t\t<div class=\"elementor-widget-container\">\n\t\t\t\t\t\t\t\t<div class=\"elementor-image\">\n\t\t\t\t\t\t\t\t\t\t\t\t<img decoding=\"async\" loading=\"lazy\" width=\"360\" height=\"60\" src=\"https:\/\/www.atvtoursargentina.com.ar\/wp-content\/uploads\/2022\/08\/logo.png\" class=\"attachment-full size-full wp-image-2957\" alt=\"\" srcset=\"https:\/\/www.atvtoursargentina.com.ar\/wp-content\/uploads\/2022\/08\/logo.png 360w, https:\/\/www.atvtoursargentina.com.ar\/wp-content\/uploads\/2022\/08\/logo-300x50.png 300w\" sizes=\"(max-width: 360px) 100vw, 360px\" \/>\t\t\t\t\t\t\t\t\t\t\t\t\t\t<\/div>\n\t\t\t\t\t\t<\/div>\n\t\t\t\t<\/div>\n\t\t\t\t\t\t<\/div>\n\t\t\t\t\t<\/div>\n\t\t<\/div>\n\t\t\t\t<div class=\"elementor-column elementor-col-50 elementor-inner-column elementor-element elementor-element-3751884\" data-id=\"3751884\" data-element_type=\"column\">\n\t\t\t<div class=\"elementor-column-wrap elementor-element-populated\">\n\t\t\t\t\t\t\t<div class=\"elementor-widget-wrap\">\n\t\t\t\t\t\t<div class=\"elementor-element elementor-element-dc9c5ab elementor-widget elementor-widget-image\" data-id=\"dc9c5ab\" data-element_type=\"widget\" data-widget_type=\"image.default\">\n\t\t\t\t<div class=\"elementor-widget-container\">\n\t\t\t\t\t\t\t\t<div class=\"elementor-image\">\n\t\t\t\t\t\t\t\t\t\t\t\t<img decoding=\"async\" loading=\"lazy\" width=\"1280\" height=\"157\" src=\"https:\/\/www.atvtoursargentina.com.ar\/wp-content\/uploads\/2023\/06\/Bridgestone_logo.png\" class=\"attachment-full size-full wp-image-3042\" alt=\"\" srcset=\"https:\/\/www.atvtoursargentina.com.ar\/wp-content\/uploads\/2023\/06\/Bridgestone_logo.png 1280w, https:\/\/www.atvtoursargentina.com.ar\/wp-content\/uploads\/2023\/06\/Bridgestone_logo-300x37.png 300w, https:\/\/www.atvtoursargentina.com.ar\/wp-content\/uploads\/2023\/06\/Bridgestone_logo-1024x126.png 1024w, https:\/\/www.atvtoursargentina.com.ar\/wp-content\/uploads\/2023\/06\/Bridgestone_logo-768x94.png 768w\" sizes=\"(max-width: 1280px) 100vw, 1280px\" \/>\t\t\t\t\t\t\t\t\t\t\t\t\t\t<\/div>\n\t\t\t\t\t\t<\/div>\n\t\t\t\t<\/div>\n\t\t\t\t\t\t<\/div>\n\t\t\t\t\t<\/div>\n\t\t<\/div>\n\t\t\t\t\t\t\t\t<\/div>\n\t\t\t\t\t<\/div>\n\t\t<\/section>\n\t\t\t\t<section class=\"elementor-section elementor-inner-section elementor-element elementor-element-d963107 elementor-section-content-top elementor-section-boxed elementor-section-height-default elementor-section-height-default\" data-id=\"d963107\" data-element_type=\"section\" data-settings=\"{&quot;background_background&quot;:&quot;classic&quot;}\">\n\t\t\t\t\t\t<div class=\"elementor-container elementor-column-gap-narrow\">\n\t\t\t\t\t\t\t<div class=\"elementor-row\">\n\t\t\t\t\t<div class=\"elementor-column elementor-col-50 elementor-inner-column elementor-element elementor-element-25b7321\" data-id=\"25b7321\" data-element_type=\"column\">\n\t\t\t<div class=\"elementor-column-wrap elementor-element-populated\">\n\t\t\t\t\t\t\t<div class=\"elementor-widget-wrap\">\n\t\t\t\t\t\t<div class=\"elementor-element elementor-element-3d9eb8d elementor-widget elementor-widget-image\" data-id=\"3d9eb8d\" data-element_type=\"widget\" data-widget_type=\"image.default\">\n\t\t\t\t<div class=\"elementor-widget-container\">\n\t\t\t\t\t\t\t\t<div class=\"elementor-image\">\n\t\t\t\t\t\t\t\t\t\t\t\t<img decoding=\"async\" loading=\"lazy\" width=\"362\" height=\"123\" src=\"https:\/\/www.atvtoursargentina.com.ar\/wp-content\/uploads\/2023\/06\/48410_429-MAIPU-Sofia-Ulla.png\" class=\"attachment-full size-full wp-image-3046\" alt=\"\" srcset=\"https:\/\/www.atvtoursargentina.com.ar\/wp-content\/uploads\/2023\/06\/48410_429-MAIPU-Sofia-Ulla.png 362w, https:\/\/www.atvtoursargentina.com.ar\/wp-content\/uploads\/2023\/06\/48410_429-MAIPU-Sofia-Ulla-300x102.png 300w\" sizes=\"(max-width: 362px) 100vw, 362px\" \/>\t\t\t\t\t\t\t\t\t\t\t\t\t\t<\/div>\n\t\t\t\t\t\t<\/div>\n\t\t\t\t<\/div>\n\t\t\t\t\t\t<\/div>\n\t\t\t\t\t<\/div>\n\t\t<\/div>\n\t\t\t\t<div class=\"elementor-column elementor-col-50 elementor-inner-column elementor-element elementor-element-a1300f4\" data-id=\"a1300f4\" data-element_type=\"column\">\n\t\t\t<div class=\"elementor-column-wrap elementor-element-populated\">\n\t\t\t\t\t\t\t<div class=\"elementor-widget-wrap\">\n\t\t\t\t\t\t<div class=\"elementor-element elementor-element-248e07b elementor-widget elementor-widget-image\" data-id=\"248e07b\" data-element_type=\"widget\" data-widget_type=\"image.default\">\n\t\t\t\t<div class=\"elementor-widget-container\">\n\t\t\t\t\t\t\t\t<div class=\"elementor-image\">\n\t\t\t\t\t\t\t\t\t\t\t\t<img decoding=\"async\" loading=\"lazy\" width=\"170\" height=\"40\" src=\"https:\/\/www.atvtoursargentina.com.ar\/wp-content\/uploads\/2023\/07\/visred.png\" class=\"attachment-full size-full wp-image-3087\" alt=\"\" \/>\t\t\t\t\t\t\t\t\t\t\t\t\t\t<\/div>\n\t\t\t\t\t\t<\/div>\n\t\t\t\t<\/div>\n\t\t\t\t\t\t<\/div>\n\t\t\t\t\t<\/div>\n\t\t<\/div>\n\t\t\t\t\t\t\t\t<\/div>\n\t\t\t\t\t<\/div>\n\t\t<\/section>\n\t\t\t\t<section class=\"elementor-section elementor-inner-section elementor-element elementor-element-4969454 elementor-section-content-top elementor-section-boxed elementor-section-height-default elementor-section-height-default\" data-id=\"4969454\" data-element_type=\"section\" id=\"margen\" data-settings=\"{&quot;background_background&quot;:&quot;classic&quot;}\">\n\t\t\t\t\t\t<div class=\"elementor-container elementor-column-gap-narrow\">\n\t\t\t\t\t\t\t<div class=\"elementor-row\">\n\t\t\t\t\t<div class=\"elementor-column elementor-col-100 elementor-inner-column elementor-element elementor-element-45b2b5d\" data-id=\"45b2b5d\" data-element_type=\"column\">\n\t\t\t<div class=\"elementor-column-wrap elementor-element-populated\">\n\t\t\t\t\t\t\t<div class=\"elementor-widget-wrap\">\n\t\t\t\t\t\t<div class=\"elementor-element elementor-element-3258b9b elementor-widget elementor-widget-cimol-texticon\" data-id=\"3258b9b\" data-element_type=\"widget\" data-widget_type=\"cimol-texticon.default\">\n\t\t\t\t<div class=\"elementor-widget-container\">\n\t\t\t\t\t\r\n\t\t<div class=\"box-small-icon\">\r\n\t\t  <i class=\"cimol-icon fa fa fa-group\"><\/i>\r\n\t\t  <h3 class=\"icon-title\"><\/h3>\r\n\t\t  \r\n\t\t            \r\n\t\t  <div class=\"icon-text\"><p><strong>Marcamos el camino del presente y el futuro de esta actividad y nos comprometemos\u00a0 a garantizar\u00a0 la satisfacci\u00f3n total de quienes nos eligen permanentemente hoy, ma\u00f1ana y siempre!!!<\/strong><\/p><\/div>\r\n\t\t  \r\n\t\t  <div class=\"spacing40 clearboth\"><\/div>\r\n\t\t  \r\n\t\t  \t\t  \r\n          \r\n\t  <\/div><!--\/.box-small-icon-->\r\n\t\t\r\n\t\t\r\n\t\t\r\n\t\t\t<\/div>\n\t\t\t\t<\/div>\n\t\t\t\t\t\t<\/div>\n\t\t\t\t\t<\/div>\n\t\t<\/div>\n\t\t\t\t\t\t\t\t<\/div>\n\t\t\t\t\t<\/div>\n\t\t<\/section>\n\t\t\t\t\t\t<\/div>\n\t\t\t\t\t<\/div>\n\t\t<\/div>\n\t\t\t\t\t\t\t\t<\/div>\n\t\t\t\t\t<\/div>\n\t\t<\/section>\n\t\t\t\t<section class=\"elementor-section elementor-inner-section elementor-element elementor-element-2de84c00 elementor-section-boxed elementor-section-height-default elementor-section-height-default\" data-id=\"2de84c00\" data-element_type=\"section\">\n\t\t\t\t\t\t<div class=\"elementor-container elementor-column-gap-default\">\n\t\t\t\t\t\t\t<div class=\"elementor-row\">\n\t\t\t\t\t<div class=\"elementor-column elementor-col-100 elementor-inner-column elementor-element elementor-element-31022394\" data-id=\"31022394\" data-element_type=\"column\">\n\t\t\t<div class=\"elementor-column-wrap elementor-element-populated\">\n\t\t\t\t\t\t\t<div class=\"elementor-widget-wrap\">\n\t\t\t\t\t\t<div class=\"elementor-element elementor-element-5ad944a3 elementor-view-default elementor-mobile-position-top elementor-vertical-align-top elementor-widget elementor-widget-icon-box\" data-id=\"5ad944a3\" data-element_type=\"widget\" data-widget_type=\"icon-box.default\">\n\t\t\t\t<div class=\"elementor-widget-container\">\n\t\t\t\t\t<div class=\"elementor-icon-box-wrapper\">\n\t\t\t\t\t\t<div class=\"elementor-icon-box-icon\">\n\t\t\t\t<span class=\"elementor-icon elementor-animation-\" >\n\t\t\t\t<i aria-hidden=\"true\" class=\"fas fa-quote-right\"><\/i>\t\t\t\t<\/span>\n\t\t\t<\/div>\n\t\t\t\t\t\t<div class=\"elementor-icon-box-content\">\n\t\t\t\t<h3 class=\"elementor-icon-box-title\">\n\t\t\t\t\t<span  >\n\t\t\t\t\t\tUn negocio no es m\u00e1s que una idea para hacer la vida de otras personas mejor.\t\t\t\t\t<\/span>\n\t\t\t\t<\/h3>\n\t\t\t\t\t\t\t\t\t<p class=\"elementor-icon-box-description\">\n\t\t\t\t\t\tRichard Branson\t\t\t\t\t<\/p>\n\t\t\t\t\t\t\t<\/div>\n\t\t<\/div>\n\t\t\t\t<\/div>\n\t\t\t\t<\/div>\n\t\t\t\t\t\t<\/div>\n\t\t\t\t\t<\/div>\n\t\t<\/div>\n\t\t\t\t\t\t\t\t<\/div>\n\t\t\t\t\t<\/div>\n\t\t<\/section>\n\t\t\t\t\t\t\t\t\t<\/div>\n\t\t\t<\/div>\n\t\t\t\t\t<\/div>\n\t\t","protected":false},"excerpt":{"rendered":"<p>NOS ELIGEN Estas compa\u00f1\u00edas, empresas y consultoras, eligen nuestros servicios de aventura como parte esencial y fundamental de sus rutinas outdoor, fidelizaci\u00f3n de clientes, motivaci\u00f3n de empleados, formaci\u00f3n de equipos, \u00e1reas comerciales y otras espec\u00edficas, con el claro objetivo y pensamiento de que invertir en las relaciones humanas en un medio natural, es primordial para coordinar y desarrollar una vida &hellip;<\/p>\n","protected":false},"author":1,"featured_media":0,"parent":0,"menu_order":0,"comment_status":"closed","ping_status":"closed","template":"blank-builder.php","meta":{"footnotes":""},"_links":{"self":[{"href":"https:\/\/www.atvtoursargentina.com.ar\/index.php\/wp-json\/wp\/v2\/pages\/1889"}],"collection":[{"href":"https:\/\/www.atvtoursargentina.com.ar\/index.php\/wp-json\/wp\/v2\/pages"}],"about":[{"href":"https:\/\/www.atvtoursargentina.com.ar\/index.php\/wp-json\/wp\/v2\/types\/page"}],"author":[{"embeddable":true,"href":"https:\/\/www.atvtoursargentina.com.ar\/index.php\/wp-json\/wp\/v2\/users\/1"}],"replies":[{"embeddable":true,"href":"https:\/\/www.atvtoursargentina.com.ar\/index.php\/wp-json\/wp\/v2\/comments?post=1889"}],"version-history":[{"count":55,"href":"https:\/\/www.atvtoursargentina.com.ar\/index.php\/wp-json\/wp\/v2\/pages\/1889\/revisions"}],"predecessor-version":[{"id":3090,"href":"https:\/\/www.atvtoursargentina.com.ar\/index.php\/wp-json\/wp\/v2\/pages\/1889\/revisions\/3090"}],"wp:attachment":[{"href":"https:\/\/www.atvtoursargentina.com.ar\/index.php\/wp-json\/wp\/v2\/media?parent=1889"}],"curies":[{"name":"wp","href":"https:\/\/api.w.org\/{rel}","templated":true}]}}